{"id":2464,"date":"2021-06-21T20:03:17","date_gmt":"2021-06-22T01:03:17","guid":{"rendered":"https:\/\/staging.fisioterapiaenplaya.com\/?page_id=2464"},"modified":"2021-06-30T12:25:32","modified_gmt":"2021-06-30T17:25:32","slug":"cirugia-plastica","status":"publish","type":"page","link":"https:\/\/fisioterapiaenplaya.com\/en\/servicios-old\/cirugia-plastica\/","title":{"rendered":"Plastic Surgery"},"content":{"rendered":"<div data-elementor-type=\"wp-page\" data-elementor-id=\"2464\" class=\"elementor elementor-2464\" data-elementor-post-type=\"page\">\n\t\t\t\t\t\t<section class=\"elementor-section elementor-top-section elementor-element elementor-element-3b05e837 elementor-section-height-min-height elementor-section-boxed elementor-section-height-default elementor-section-items-middle\" data-id=\"3b05e837\" data-element_type=\"section\" data-e-type=\"section\" data-settings=\"{&quot;background_background&quot;:&quot;classic&quot;}\">\n\t\t\t\t\t\t\t<div class=\"elementor-background-overlay\"><\/div>\n\t\t\t\t\t\t\t<div class=\"elementor-container elementor-column-gap-default\">\n\t\t\t\t\t<div class=\"elementor-column elementor-col-100 elementor-top-column elementor-element elementor-element-6fea81af\" data-id=\"6fea81af\" data-element_type=\"column\" data-e-type=\"column\">\n\t\t\t<div class=\"elementor-widget-wrap elementor-element-populated\">\n\t\t\t\t\t\t<div class=\"elementor-element elementor-element-7ef25e47 elementor-widget elementor-widget-heading\" data-id=\"7ef25e47\" data-element_type=\"widget\" data-e-type=\"widget\" data-widget_type=\"heading.default\">\n\t\t\t\t<div class=\"elementor-widget-container\">\n\t\t\t\t\t<h1 class=\"elementor-heading-title elementor-size-default\">Plastic Surgery<\/h1>\t\t\t\t<\/div>\n\t\t\t\t<\/div>\n\t\t\t\t<div class=\"elementor-element elementor-element-1f4bd8a2 elementor-widget-divider--view-line elementor-widget elementor-widget-divider\" data-id=\"1f4bd8a2\" data-element_type=\"widget\" data-e-type=\"widget\" data-widget_type=\"divider.default\">\n\t\t\t\t<div class=\"elementor-widget-container\">\n\t\t\t\t\t\t\t<div class=\"elementor-divider\">\n\t\t\t<span class=\"elementor-divider-separator\">\n\t\t\t\t\t\t<\/span>\n\t\t<\/div>\n\t\t\t\t\t\t<\/div>\n\t\t\t\t<\/div>\n\t\t\t\t<div class=\"elementor-element elementor-element-2d84978b elementor-widget__width-initial elementor-widget-tablet__width-inherit elementor-widget elementor-widget-text-editor\" data-id=\"2d84978b\" data-element_type=\"widget\" data-e-type=\"widget\" data-widget_type=\"text-editor.default\">\n\t\t\t\t<div class=\"elementor-widget-container\">\n\t\t\t\t\t\t\t\t\t<p data-pm-slice=\"1 1 [\"><span id=\"E574\"><\/span><span id=\"E576\"><span id=\"E595\"><\/span><span id=\"E598\"><span id=\"E622\">When we say plastic surgery, the first thing that comes to mind are aesthetic procedures to correct or improve physical appearance. However, <\/span><strong><span id=\"E623\">this specialty is of great importance in medicine<\/span><\/strong><span id=\"E624\">, beyond the aesthetic purposes that can be given to it.<\/span><\/span><\/span><\/p>\t\t\t\t\t\t\t\t<\/div>\n\t\t\t\t<\/div>\n\t\t\t\t\t<\/div>\n\t\t<\/div>\n\t\t\t\t\t<\/div>\n\t\t<\/section>\n\t\t\t\t<section class=\"elementor-section elementor-top-section elementor-element elementor-element-15a3c38 elementor-section-boxed elementor-section-height-default elementor-section-height-default\" data-id=\"15a3c38\" data-element_type=\"section\" data-e-type=\"section\">\n\t\t\t\t\t\t<div class=\"elementor-container elementor-column-gap-default\">\n\t\t\t\t\t<div class=\"elementor-column elementor-col-50 elementor-top-column elementor-element elementor-element-a0e35ba\" data-id=\"a0e35ba\" data-element_type=\"column\" data-e-type=\"column\">\n\t\t\t<div class=\"elementor-widget-wrap elementor-element-populated\">\n\t\t\t\t\t\t<div class=\"elementor-element elementor-element-53e14bd elementor-widget elementor-widget-heading\" data-id=\"53e14bd\" data-element_type=\"widget\" data-e-type=\"widget\" data-widget_type=\"heading.default\">\n\t\t\t\t<div class=\"elementor-widget-container\">\n\t\t\t\t\t<h2 class=\"elementor-heading-title elementor-size-default\">What does Plastic Surgery consist of?<\/h2>\t\t\t\t<\/div>\n\t\t\t\t<\/div>\n\t\t\t\t<div class=\"elementor-element elementor-element-2419126 elementor-widget elementor-widget-text-editor\" data-id=\"2419126\" data-element_type=\"widget\" data-e-type=\"widget\" data-widget_type=\"text-editor.default\">\n\t\t\t\t<div class=\"elementor-widget-container\">\n\t\t\t\t\t\t\t\t\t<p>There are certain injuries, trauma, accidents and even congenital abnormalities that require plastic surgery to achieve proper tissue repair. After this procedure is performed, a long and complex recovery process begins.<\/p><p><span id=\"E629\">This is where physiotherapy comes into play, allowing the patient to have a less traumatic recovery, with less suffering and more efficient. <\/span><strong><span id=\"E630\">In this way, it fulfills the following functions<\/span><span id=\"E631\">:<\/span><\/strong><\/p><ul><li id=\"E632\" class=\"qowt-li-1_0 qowt-list qowt-stl-Paragrafoelenco x-scope qowt-word-para-0\"><span id=\"E633\">Avoid or minimize post-traumatic stress complications, such as edema, fibrosis or extreme tenderness.<\/span><\/li><li id=\"E634\" class=\"qowt-li-1_0 qowt-list qowt-stl-Paragrafoelenco x-scope qowt-word-para-0\"><span id=\"E635\">Shorten the time it takes to complete the recovery process.<\/span><\/li><li id=\"E636\" class=\"qowt-li-1_0 qowt-list qowt-stl-Paragrafoelenco x-scope qowt-word-para-0\"><span id=\"E637\">Minimize the pain and discomfort that the patient will experience after surgery.<\/span><\/li><li id=\"E638\" class=\"qowt-li-1_0 qowt-list qowt-stl-Paragrafoelenco x-scope qowt-word-para-0\"><span id=\"E639\">In procedures such as liposuction or abdominoplasty, techniques are used to reorient collagen.<\/span><\/li><li id=\"E640\" class=\"qowt-li-1_0 qowt-list qowt-stl-Paragrafoelenco x-scope qowt-word-para-0\"><span id=\"E641\">For breast interventions there are certain manual techniques that seek to avoid the possible encapsulation of the implants and to maintain the mobility of the upper limbs.<\/span><\/li><\/ul>\t\t\t\t\t\t\t\t<\/div>\n\t\t\t\t<\/div>\n\t\t\t\t\t<\/div>\n\t\t<\/div>\n\t\t\t\t<div class=\"elementor-column elementor-col-50 elementor-top-column elementor-element elementor-element-68c6584 elementor-hidden-tablet elementor-hidden-phone\" data-id=\"68c6584\" data-element_type=\"column\" data-e-type=\"column\">\n\t\t\t<div class=\"elementor-widget-wrap elementor-element-populated\">\n\t\t\t\t\t\t<div class=\"elementor-element elementor-element-36cb776 elementor-widget elementor-widget-image\" data-id=\"36cb776\" data-element_type=\"widget\" data-e-type=\"widget\" data-widget_type=\"image.default\">\n\t\t\t\t<div class=\"elementor-widget-container\">\n\t\t\t\t\t\t\t\t\t\t\t\t\t\t\t<img fetchpriority=\"high\" decoding=\"async\" width=\"721\" height=\"1024\" src=\"https:\/\/fisioterapiaenplaya.com\/wp-content\/uploads\/2021\/06\/d9HORKSR0Gw-721x1024.jpg\" class=\"attachment-large size-large wp-image-2468\" alt=\"\" srcset=\"https:\/\/fisioterapiaenplaya.com\/wp-content\/uploads\/2021\/06\/d9HORKSR0Gw-721x1024.jpg 721w, https:\/\/fisioterapiaenplaya.com\/wp-content\/uploads\/2021\/06\/d9HORKSR0Gw-211x300.jpg 211w, https:\/\/fisioterapiaenplaya.com\/wp-content\/uploads\/2021\/06\/d9HORKSR0Gw.jpg 760w\" sizes=\"(max-width: 721px) 100vw, 721px\" \/>\t\t\t\t\t\t\t\t\t\t\t\t\t\t\t<\/div>\n\t\t\t\t<\/div>\n\t\t\t\t\t<\/div>\n\t\t<\/div>\n\t\t\t\t\t<\/div>\n\t\t<\/section>\n\t\t\t\t<\/div>","protected":false},"excerpt":{"rendered":"<p>Cirug\u00eda Pl\u00e1stica Cuando decimos cirug\u00eda pl\u00e1stica lo primero que se nos viene a la mente son procedimientos est\u00e9ticos para corregir o mejorar [&hellip;]<\/p>\n","protected":false},"author":7,"featured_media":0,"parent":2660,"menu_order":0,"comment_status":"closed","ping_status":"closed","template":"","meta":{"footnotes":""},"class_list":["post-2464","page","type-page","status-publish","hentry"],"acf":[],"yoast_head":"<!-- This site is optimized with the Yoast SEO plugin v27.1.1 - https:\/\/yoast.com\/product\/yoast-seo-wordpress\/ -->\n<title>Cirug\u00eda Pl\u00e1stica - Fisio Playa<\/title>\n<meta name=\"robots\" content=\"index, follow, max-snippet:-1, max-image-preview:large, max-video-preview:-1\" \/>\n<link rel=\"canonical\" href=\"https:\/\/fisioterapiaenplaya.com\/en\/servicios-old\/cirugia-plastica\/\" \/>\n<meta property=\"og:locale\" content=\"en_US\" \/>\n<meta property=\"og:type\" content=\"article\" \/>\n<meta property=\"og:title\" content=\"Cirug\u00eda Pl\u00e1stica - Fisio Playa\" \/>\n<meta property=\"og:description\" content=\"Cirug\u00eda Pl\u00e1stica Cuando decimos cirug\u00eda pl\u00e1stica lo primero que se nos viene a la mente son procedimientos est\u00e9ticos para corregir o mejorar [&hellip;]\" \/>\n<meta property=\"og:url\" content=\"https:\/\/fisioterapiaenplaya.com\/en\/servicios-old\/cirugia-plastica\/\" \/>\n<meta property=\"og:site_name\" content=\"Fisio Playa\" \/>\n<meta property=\"article:modified_time\" content=\"2021-06-30T17:25:32+00:00\" \/>\n<meta property=\"og:image\" content=\"https:\/\/staging.fisioterapiaenplaya.com\/wp-content\/uploads\/2021\/06\/d9HORKSR0Gw-721x1024.jpg\" \/>\n<meta name=\"twitter:card\" content=\"summary_large_image\" \/>\n<meta name=\"twitter:label1\" content=\"Est. reading time\" \/>\n\t<meta name=\"twitter:data1\" content=\"1 minute\" \/>\n<script type=\"application\/ld+json\" class=\"yoast-schema-graph\">{\"@context\":\"https:\/\/schema.org\",\"@graph\":[{\"@type\":\"WebPage\",\"@id\":\"https:\/\/fisioterapiaenplaya.com\/servicios-old\/cirugia-plastica\/\",\"url\":\"https:\/\/fisioterapiaenplaya.com\/servicios-old\/cirugia-plastica\/\",\"name\":\"Cirug\u00eda Pl\u00e1stica - Fisio Playa\",\"isPartOf\":{\"@id\":\"https:\/\/fisioterapiaenplaya.com\/#website\"},\"primaryImageOfPage\":{\"@id\":\"https:\/\/fisioterapiaenplaya.com\/servicios-old\/cirugia-plastica\/#primaryimage\"},\"image\":{\"@id\":\"https:\/\/fisioterapiaenplaya.com\/servicios-old\/cirugia-plastica\/#primaryimage\"},\"thumbnailUrl\":\"https:\/\/staging.fisioterapiaenplaya.com\/wp-content\/uploads\/2021\/06\/d9HORKSR0Gw-721x1024.jpg\",\"datePublished\":\"2021-06-22T01:03:17+00:00\",\"dateModified\":\"2021-06-30T17:25:32+00:00\",\"breadcrumb\":{\"@id\":\"https:\/\/fisioterapiaenplaya.com\/servicios-old\/cirugia-plastica\/#breadcrumb\"},\"inLanguage\":\"en-US\",\"potentialAction\":[{\"@type\":\"ReadAction\",\"target\":[\"https:\/\/fisioterapiaenplaya.com\/servicios-old\/cirugia-plastica\/\"]}]},{\"@type\":\"ImageObject\",\"inLanguage\":\"en-US\",\"@id\":\"https:\/\/fisioterapiaenplaya.com\/servicios-old\/cirugia-plastica\/#primaryimage\",\"url\":\"https:\/\/staging.fisioterapiaenplaya.com\/wp-content\/uploads\/2021\/06\/d9HORKSR0Gw-721x1024.jpg\",\"contentUrl\":\"https:\/\/staging.fisioterapiaenplaya.com\/wp-content\/uploads\/2021\/06\/d9HORKSR0Gw-721x1024.jpg\"},{\"@type\":\"BreadcrumbList\",\"@id\":\"https:\/\/fisioterapiaenplaya.com\/servicios-old\/cirugia-plastica\/#breadcrumb\",\"itemListElement\":[{\"@type\":\"ListItem\",\"position\":1,\"name\":\"Home\",\"item\":\"https:\/\/fisioterapiaenplaya.com\/\"},{\"@type\":\"ListItem\",\"position\":2,\"name\":\"Servicios\",\"item\":\"https:\/\/fisioterapiaenplaya.com\/servicios-old\/\"},{\"@type\":\"ListItem\",\"position\":3,\"name\":\"Cirug\u00eda Pl\u00e1stica\"}]},{\"@type\":\"WebSite\",\"@id\":\"https:\/\/fisioterapiaenplaya.com\/#website\",\"url\":\"https:\/\/fisioterapiaenplaya.com\/\",\"name\":\"Fisio Playa\",\"description\":\"Lesiones deportivas, fisioterapia, medicina deportiva y terapia regenerativa\",\"potentialAction\":[{\"@type\":\"SearchAction\",\"target\":{\"@type\":\"EntryPoint\",\"urlTemplate\":\"https:\/\/fisioterapiaenplaya.com\/?s={search_term_string}\"},\"query-input\":{\"@type\":\"PropertyValueSpecification\",\"valueRequired\":true,\"valueName\":\"search_term_string\"}}],\"inLanguage\":\"en-US\"}]}<\/script>\n<!-- \/ Yoast SEO plugin. -->","yoast_head_json":{"title":"Cirug\u00eda Pl\u00e1stica - Fisio Playa","robots":{"index":"index","follow":"follow","max-snippet":"max-snippet:-1","max-image-preview":"max-image-preview:large","max-video-preview":"max-video-preview:-1"},"canonical":"https:\/\/fisioterapiaenplaya.com\/en\/servicios-old\/cirugia-plastica\/","og_locale":"en_US","og_type":"article","og_title":"Cirug\u00eda Pl\u00e1stica - Fisio Playa","og_description":"Cirug\u00eda Pl\u00e1stica Cuando decimos cirug\u00eda pl\u00e1stica lo primero que se nos viene a la mente son procedimientos est\u00e9ticos para corregir o mejorar [&hellip;]","og_url":"https:\/\/fisioterapiaenplaya.com\/en\/servicios-old\/cirugia-plastica\/","og_site_name":"Fisio Playa","article_modified_time":"2021-06-30T17:25:32+00:00","og_image":[{"url":"https:\/\/staging.fisioterapiaenplaya.com\/wp-content\/uploads\/2021\/06\/d9HORKSR0Gw-721x1024.jpg","type":"","width":"","height":""}],"twitter_card":"summary_large_image","twitter_misc":{"Est. reading time":"1 minute"},"schema":{"@context":"https:\/\/schema.org","@graph":[{"@type":"WebPage","@id":"https:\/\/fisioterapiaenplaya.com\/servicios-old\/cirugia-plastica\/","url":"https:\/\/fisioterapiaenplaya.com\/servicios-old\/cirugia-plastica\/","name":"Cirug\u00eda Pl\u00e1stica - Fisio Playa","isPartOf":{"@id":"https:\/\/fisioterapiaenplaya.com\/#website"},"primaryImageOfPage":{"@id":"https:\/\/fisioterapiaenplaya.com\/servicios-old\/cirugia-plastica\/#primaryimage"},"image":{"@id":"https:\/\/fisioterapiaenplaya.com\/servicios-old\/cirugia-plastica\/#primaryimage"},"thumbnailUrl":"https:\/\/staging.fisioterapiaenplaya.com\/wp-content\/uploads\/2021\/06\/d9HORKSR0Gw-721x1024.jpg","datePublished":"2021-06-22T01:03:17+00:00","dateModified":"2021-06-30T17:25:32+00:00","breadcrumb":{"@id":"https:\/\/fisioterapiaenplaya.com\/servicios-old\/cirugia-plastica\/#breadcrumb"},"inLanguage":"en-US","potentialAction":[{"@type":"ReadAction","target":["https:\/\/fisioterapiaenplaya.com\/servicios-old\/cirugia-plastica\/"]}]},{"@type":"ImageObject","inLanguage":"en-US","@id":"https:\/\/fisioterapiaenplaya.com\/servicios-old\/cirugia-plastica\/#primaryimage","url":"https:\/\/staging.fisioterapiaenplaya.com\/wp-content\/uploads\/2021\/06\/d9HORKSR0Gw-721x1024.jpg","contentUrl":"https:\/\/staging.fisioterapiaenplaya.com\/wp-content\/uploads\/2021\/06\/d9HORKSR0Gw-721x1024.jpg"},{"@type":"BreadcrumbList","@id":"https:\/\/fisioterapiaenplaya.com\/servicios-old\/cirugia-plastica\/#breadcrumb","itemListElement":[{"@type":"ListItem","position":1,"name":"Home","item":"https:\/\/fisioterapiaenplaya.com\/"},{"@type":"ListItem","position":2,"name":"Servicios","item":"https:\/\/fisioterapiaenplaya.com\/servicios-old\/"},{"@type":"ListItem","position":3,"name":"Cirug\u00eda Pl\u00e1stica"}]},{"@type":"WebSite","@id":"https:\/\/fisioterapiaenplaya.com\/#website","url":"https:\/\/fisioterapiaenplaya.com\/","name":"Fisio Playa","description":"Sports injuries, physiotherapy, sports medicine and regenerative therapy","potentialAction":[{"@type":"SearchAction","target":{"@type":"EntryPoint","urlTemplate":"https:\/\/fisioterapiaenplaya.com\/?s={search_term_string}"},"query-input":{"@type":"PropertyValueSpecification","valueRequired":true,"valueName":"search_term_string"}}],"inLanguage":"en-US"}]}},"_links":{"self":[{"href":"https:\/\/fisioterapiaenplaya.com\/en\/wp-json\/wp\/v2\/pages\/2464","targetHints":{"allow":["GET"]}}],"collection":[{"href":"https:\/\/fisioterapiaenplaya.com\/en\/wp-json\/wp\/v2\/pages"}],"about":[{"href":"https:\/\/fisioterapiaenplaya.com\/en\/wp-json\/wp\/v2\/types\/page"}],"author":[{"embeddable":true,"href":"https:\/\/fisioterapiaenplaya.com\/en\/wp-json\/wp\/v2\/users\/7"}],"replies":[{"embeddable":true,"href":"https:\/\/fisioterapiaenplaya.com\/en\/wp-json\/wp\/v2\/comments?post=2464"}],"version-history":[{"count":13,"href":"https:\/\/fisioterapiaenplaya.com\/en\/wp-json\/wp\/v2\/pages\/2464\/revisions"}],"predecessor-version":[{"id":2920,"href":"https:\/\/fisioterapiaenplaya.com\/en\/wp-json\/wp\/v2\/pages\/2464\/revisions\/2920"}],"up":[{"embeddable":true,"href":"https:\/\/fisioterapiaenplaya.com\/en\/wp-json\/wp\/v2\/pages\/2660"}],"wp:attachment":[{"href":"https:\/\/fisioterapiaenplaya.com\/en\/wp-json\/wp\/v2\/media?parent=2464"}],"curies":[{"name":"wp","href":"https:\/\/api.w.org\/{rel}","templated":true}]}}