{"id":2472,"date":"2021-06-21T20:09:35","date_gmt":"2021-06-22T01:09:35","guid":{"rendered":"https:\/\/staging.fisioterapiaenplaya.com\/?page_id=2472"},"modified":"2021-06-30T12:05:48","modified_gmt":"2021-06-30T17:05:48","slug":"cirugia-general","status":"publish","type":"page","link":"https:\/\/fisioterapiaenplaya.com\/en\/servicios-old\/cirugia-general\/","title":{"rendered":"General Surgery"},"content":{"rendered":"<div data-elementor-type=\"wp-page\" data-elementor-id=\"2472\" class=\"elementor elementor-2472\" data-elementor-post-type=\"page\">\n\t\t\t\t\t\t<section class=\"elementor-section elementor-top-section elementor-element elementor-element-38fe3162 elementor-section-height-min-height elementor-section-boxed elementor-section-height-default elementor-section-items-middle\" data-id=\"38fe3162\" data-element_type=\"section\" data-e-type=\"section\" data-settings=\"{&quot;background_background&quot;:&quot;classic&quot;}\">\n\t\t\t\t\t\t\t<div class=\"elementor-background-overlay\"><\/div>\n\t\t\t\t\t\t\t<div class=\"elementor-container elementor-column-gap-default\">\n\t\t\t\t\t<div class=\"elementor-column elementor-col-100 elementor-top-column elementor-element elementor-element-6df8ae7a\" data-id=\"6df8ae7a\" data-element_type=\"column\" data-e-type=\"column\">\n\t\t\t<div class=\"elementor-widget-wrap elementor-element-populated\">\n\t\t\t\t\t\t<div class=\"elementor-element elementor-element-1e005d40 elementor-widget elementor-widget-heading\" data-id=\"1e005d40\" data-element_type=\"widget\" data-e-type=\"widget\" data-widget_type=\"heading.default\">\n\t\t\t\t<div class=\"elementor-widget-container\">\n\t\t\t\t\t<h1 class=\"elementor-heading-title elementor-size-default\">General Surgery<\/h1>\t\t\t\t<\/div>\n\t\t\t\t<\/div>\n\t\t\t\t<div class=\"elementor-element elementor-element-487fde65 elementor-widget-divider--view-line elementor-widget elementor-widget-divider\" data-id=\"487fde65\" data-element_type=\"widget\" data-e-type=\"widget\" data-widget_type=\"divider.default\">\n\t\t\t\t<div class=\"elementor-widget-container\">\n\t\t\t\t\t\t\t<div class=\"elementor-divider\">\n\t\t\t<span class=\"elementor-divider-separator\">\n\t\t\t\t\t\t<\/span>\n\t\t<\/div>\n\t\t\t\t\t\t<\/div>\n\t\t\t\t<\/div>\n\t\t\t\t<div class=\"elementor-element elementor-element-74fc387f elementor-widget__width-initial elementor-widget-tablet__width-inherit elementor-widget elementor-widget-text-editor\" data-id=\"74fc387f\" data-element_type=\"widget\" data-e-type=\"widget\" data-widget_type=\"text-editor.default\">\n\t\t\t\t<div class=\"elementor-widget-container\">\n\t\t\t\t\t\t\t\t\t<p data-pm-slice=\"1 1 [\"><span id=\"E574\"><\/span><span id=\"E576\"><span id=\"E645\">As in the case of plastic surgery, recovery after general surgery can be complemented with physiotherapeutic techniques. Part of our services of <\/span><strong><span id=\"E646\">physiotherapy in Playa del Carmen<\/span><\/strong><span id=\"E647\"> <\/span><span id=\"E648\">are focused on this type of procedures.<\/span><\/span><\/p>\t\t\t\t\t\t\t\t<\/div>\n\t\t\t\t<\/div>\n\t\t\t\t\t<\/div>\n\t\t<\/div>\n\t\t\t\t\t<\/div>\n\t\t<\/section>\n\t\t\t\t<section class=\"elementor-section elementor-top-section elementor-element elementor-element-15a3c38 elementor-section-boxed elementor-section-height-default elementor-section-height-default\" data-id=\"15a3c38\" data-element_type=\"section\" data-e-type=\"section\">\n\t\t\t\t\t\t<div class=\"elementor-container elementor-column-gap-default\">\n\t\t\t\t\t<div class=\"elementor-column elementor-col-50 elementor-top-column elementor-element elementor-element-a0e35ba\" data-id=\"a0e35ba\" data-element_type=\"column\" data-e-type=\"column\">\n\t\t\t<div class=\"elementor-widget-wrap elementor-element-populated\">\n\t\t\t\t\t\t<div class=\"elementor-element elementor-element-53e14bd elementor-widget elementor-widget-heading\" data-id=\"53e14bd\" data-element_type=\"widget\" data-e-type=\"widget\" data-widget_type=\"heading.default\">\n\t\t\t\t<div class=\"elementor-widget-container\">\n\t\t\t\t\t<h2 class=\"elementor-heading-title elementor-size-default\">What is General Surgery?<\/h2>\t\t\t\t<\/div>\n\t\t\t\t<\/div>\n\t\t\t\t<div class=\"elementor-element elementor-element-2419126 elementor-widget elementor-widget-text-editor\" data-id=\"2419126\" data-element_type=\"widget\" data-e-type=\"widget\" data-widget_type=\"text-editor.default\">\n\t\t\t\t<div class=\"elementor-widget-container\">\n\t\t\t\t\t\t\t\t\t<p>L<span id=\"E576\"><span id=\"E645\">ecovery after general surgery can be complemented with physiotherapeutic techniques.<\/span><\/span>, This is known as post-surgical rehabilitation, so that the patient can return to normal after having undergone an intervention of this type. It is extremely important to recover certain functions such as flexibility, mobility and coordination.<\/p><p>On the other hand, there is pre-surgical physiotherapy, which is aimed at getting the patient to the operating room in the best possible condition. This includes:<\/p>\t\t\t\t\t\t\t\t<\/div>\n\t\t\t\t<\/div>\n\t\t\t\t<div class=\"elementor-element elementor-element-52bf060 elementor-widget elementor-widget-text-editor\" data-id=\"52bf060\" data-element_type=\"widget\" data-e-type=\"widget\" data-widget_type=\"text-editor.default\">\n\t\t\t\t<div class=\"elementor-widget-container\">\n\t\t\t\t\t\t\t\t\t<ul><li id=\"E653\" class=\"qowt-li-8_0 qowt-list qowt-stl-Paragrafoelenco x-scope qowt-word-para-0\"><span id=\"E654\">Mobility.<\/span><\/li><li id=\"E655\" class=\"qowt-li-8_0 qowt-list qowt-stl-Paragrafoelenco x-scope qowt-word-para-0\"><span id=\"E656\">Circulation.<\/span><\/li><li id=\"E657\" class=\"qowt-li-8_0 qowt-list qowt-stl-Paragrafoelenco x-scope qowt-word-para-0\"><span id=\"E658\">Elasticity.<\/span><\/li><li id=\"E659\" class=\"qowt-li-8_0 qowt-list qowt-stl-Paragrafoelenco x-scope qowt-word-para-0\"><span id=\"E660\">Body awareness.<\/span><\/li><li id=\"E661\" class=\"qowt-li-8_0 qowt-list qowt-stl-Paragrafoelenco x-scope qowt-word-para-0\"><span id=\"E662\">Muscle strengthening.<\/span><\/li><\/ul>\t\t\t\t\t\t\t\t<\/div>\n\t\t\t\t<\/div>\n\t\t\t\t\t<\/div>\n\t\t<\/div>\n\t\t\t\t<div class=\"elementor-column elementor-col-50 elementor-top-column elementor-element elementor-element-291d61c elementor-hidden-phone\" data-id=\"291d61c\" data-element_type=\"column\" data-e-type=\"column\">\n\t\t\t<div class=\"elementor-widget-wrap elementor-element-populated\">\n\t\t\t\t\t\t<div class=\"elementor-element elementor-element-9eb0e43 elementor-widget elementor-widget-image\" data-id=\"9eb0e43\" data-element_type=\"widget\" data-e-type=\"widget\" data-widget_type=\"image.default\">\n\t\t\t\t<div class=\"elementor-widget-container\">\n\t\t\t\t\t\t\t\t\t\t\t\t\t\t\t<img fetchpriority=\"high\" decoding=\"async\" width=\"683\" height=\"1024\" src=\"https:\/\/fisioterapiaenplaya.com\/wp-content\/uploads\/2021\/06\/knee.jpg\" class=\"attachment-large size-large wp-image-2487\" alt=\"\" srcset=\"https:\/\/fisioterapiaenplaya.com\/wp-content\/uploads\/2021\/06\/knee.jpg 683w, https:\/\/fisioterapiaenplaya.com\/wp-content\/uploads\/2021\/06\/knee-200x300.jpg 200w\" sizes=\"(max-width: 683px) 100vw, 683px\" \/>\t\t\t\t\t\t\t\t\t\t\t\t\t\t\t<\/div>\n\t\t\t\t<\/div>\n\t\t\t\t\t<\/div>\n\t\t<\/div>\n\t\t\t\t\t<\/div>\n\t\t<\/section>\n\t\t\t\t<\/div>","protected":false},"excerpt":{"rendered":"<p>Cirug\u00eda General Al igual que en el caso de la cirug\u00eda pl\u00e1stica, la recuperaci\u00f3n tras una intervenci\u00f3n de cirug\u00eda general puede complementarse [&hellip;]<\/p>\n","protected":false},"author":7,"featured_media":0,"parent":2660,"menu_order":0,"comment_status":"closed","ping_status":"closed","template":"","meta":{"footnotes":""},"class_list":["post-2472","page","type-page","status-publish","hentry"],"acf":[],"yoast_head":"<!-- This site is optimized with the Yoast SEO plugin v27.1.1 - https:\/\/yoast.com\/product\/yoast-seo-wordpress\/ -->\n<title>Cirug\u00eda General - Fisio Playa<\/title>\n<meta name=\"robots\" content=\"index, follow, max-snippet:-1, max-image-preview:large, max-video-preview:-1\" \/>\n<link rel=\"canonical\" href=\"https:\/\/fisioterapiaenplaya.com\/en\/servicios-old\/cirugia-general\/\" \/>\n<meta property=\"og:locale\" content=\"en_US\" \/>\n<meta property=\"og:type\" content=\"article\" \/>\n<meta property=\"og:title\" content=\"Cirug\u00eda General - Fisio Playa\" \/>\n<meta property=\"og:description\" content=\"Cirug\u00eda General Al igual que en el caso de la cirug\u00eda pl\u00e1stica, la recuperaci\u00f3n tras una intervenci\u00f3n de cirug\u00eda general puede complementarse [&hellip;]\" \/>\n<meta property=\"og:url\" content=\"https:\/\/fisioterapiaenplaya.com\/en\/servicios-old\/cirugia-general\/\" \/>\n<meta property=\"og:site_name\" content=\"Fisio Playa\" \/>\n<meta property=\"article:modified_time\" content=\"2021-06-30T17:05:48+00:00\" \/>\n<meta property=\"og:image\" content=\"https:\/\/staging.fisioterapiaenplaya.com\/wp-content\/uploads\/2021\/06\/knee.jpg\" \/>\n<meta name=\"twitter:card\" content=\"summary_large_image\" \/>\n<meta name=\"twitter:label1\" content=\"Est. reading time\" \/>\n\t<meta name=\"twitter:data1\" content=\"1 minute\" \/>\n<script type=\"application\/ld+json\" class=\"yoast-schema-graph\">{\"@context\":\"https:\/\/schema.org\",\"@graph\":[{\"@type\":\"WebPage\",\"@id\":\"https:\/\/fisioterapiaenplaya.com\/servicios-old\/cirugia-general\/\",\"url\":\"https:\/\/fisioterapiaenplaya.com\/servicios-old\/cirugia-general\/\",\"name\":\"Cirug\u00eda General - Fisio Playa\",\"isPartOf\":{\"@id\":\"https:\/\/fisioterapiaenplaya.com\/#website\"},\"primaryImageOfPage\":{\"@id\":\"https:\/\/fisioterapiaenplaya.com\/servicios-old\/cirugia-general\/#primaryimage\"},\"image\":{\"@id\":\"https:\/\/fisioterapiaenplaya.com\/servicios-old\/cirugia-general\/#primaryimage\"},\"thumbnailUrl\":\"https:\/\/staging.fisioterapiaenplaya.com\/wp-content\/uploads\/2021\/06\/knee.jpg\",\"datePublished\":\"2021-06-22T01:09:35+00:00\",\"dateModified\":\"2021-06-30T17:05:48+00:00\",\"breadcrumb\":{\"@id\":\"https:\/\/fisioterapiaenplaya.com\/servicios-old\/cirugia-general\/#breadcrumb\"},\"inLanguage\":\"en-US\",\"potentialAction\":[{\"@type\":\"ReadAction\",\"target\":[\"https:\/\/fisioterapiaenplaya.com\/servicios-old\/cirugia-general\/\"]}]},{\"@type\":\"ImageObject\",\"inLanguage\":\"en-US\",\"@id\":\"https:\/\/fisioterapiaenplaya.com\/servicios-old\/cirugia-general\/#primaryimage\",\"url\":\"https:\/\/staging.fisioterapiaenplaya.com\/wp-content\/uploads\/2021\/06\/knee.jpg\",\"contentUrl\":\"https:\/\/staging.fisioterapiaenplaya.com\/wp-content\/uploads\/2021\/06\/knee.jpg\"},{\"@type\":\"BreadcrumbList\",\"@id\":\"https:\/\/fisioterapiaenplaya.com\/servicios-old\/cirugia-general\/#breadcrumb\",\"itemListElement\":[{\"@type\":\"ListItem\",\"position\":1,\"name\":\"Home\",\"item\":\"https:\/\/fisioterapiaenplaya.com\/\"},{\"@type\":\"ListItem\",\"position\":2,\"name\":\"Servicios\",\"item\":\"https:\/\/fisioterapiaenplaya.com\/servicios-old\/\"},{\"@type\":\"ListItem\",\"position\":3,\"name\":\"Cirug\u00eda General\"}]},{\"@type\":\"WebSite\",\"@id\":\"https:\/\/fisioterapiaenplaya.com\/#website\",\"url\":\"https:\/\/fisioterapiaenplaya.com\/\",\"name\":\"Fisio Playa\",\"description\":\"Lesiones deportivas, fisioterapia, medicina deportiva y terapia regenerativa\",\"potentialAction\":[{\"@type\":\"SearchAction\",\"target\":{\"@type\":\"EntryPoint\",\"urlTemplate\":\"https:\/\/fisioterapiaenplaya.com\/?s={search_term_string}\"},\"query-input\":{\"@type\":\"PropertyValueSpecification\",\"valueRequired\":true,\"valueName\":\"search_term_string\"}}],\"inLanguage\":\"en-US\"}]}<\/script>\n<!-- \/ Yoast SEO plugin. -->","yoast_head_json":{"title":"Cirug\u00eda General - Fisio Playa","robots":{"index":"index","follow":"follow","max-snippet":"max-snippet:-1","max-image-preview":"max-image-preview:large","max-video-preview":"max-video-preview:-1"},"canonical":"https:\/\/fisioterapiaenplaya.com\/en\/servicios-old\/cirugia-general\/","og_locale":"en_US","og_type":"article","og_title":"Cirug\u00eda General - Fisio Playa","og_description":"Cirug\u00eda General Al igual que en el caso de la cirug\u00eda pl\u00e1stica, la recuperaci\u00f3n tras una intervenci\u00f3n de cirug\u00eda general puede complementarse [&hellip;]","og_url":"https:\/\/fisioterapiaenplaya.com\/en\/servicios-old\/cirugia-general\/","og_site_name":"Fisio Playa","article_modified_time":"2021-06-30T17:05:48+00:00","og_image":[{"url":"https:\/\/staging.fisioterapiaenplaya.com\/wp-content\/uploads\/2021\/06\/knee.jpg","type":"","width":"","height":""}],"twitter_card":"summary_large_image","twitter_misc":{"Est. reading time":"1 minute"},"schema":{"@context":"https:\/\/schema.org","@graph":[{"@type":"WebPage","@id":"https:\/\/fisioterapiaenplaya.com\/servicios-old\/cirugia-general\/","url":"https:\/\/fisioterapiaenplaya.com\/servicios-old\/cirugia-general\/","name":"Cirug\u00eda General - Fisio Playa","isPartOf":{"@id":"https:\/\/fisioterapiaenplaya.com\/#website"},"primaryImageOfPage":{"@id":"https:\/\/fisioterapiaenplaya.com\/servicios-old\/cirugia-general\/#primaryimage"},"image":{"@id":"https:\/\/fisioterapiaenplaya.com\/servicios-old\/cirugia-general\/#primaryimage"},"thumbnailUrl":"https:\/\/staging.fisioterapiaenplaya.com\/wp-content\/uploads\/2021\/06\/knee.jpg","datePublished":"2021-06-22T01:09:35+00:00","dateModified":"2021-06-30T17:05:48+00:00","breadcrumb":{"@id":"https:\/\/fisioterapiaenplaya.com\/servicios-old\/cirugia-general\/#breadcrumb"},"inLanguage":"en-US","potentialAction":[{"@type":"ReadAction","target":["https:\/\/fisioterapiaenplaya.com\/servicios-old\/cirugia-general\/"]}]},{"@type":"ImageObject","inLanguage":"en-US","@id":"https:\/\/fisioterapiaenplaya.com\/servicios-old\/cirugia-general\/#primaryimage","url":"https:\/\/staging.fisioterapiaenplaya.com\/wp-content\/uploads\/2021\/06\/knee.jpg","contentUrl":"https:\/\/staging.fisioterapiaenplaya.com\/wp-content\/uploads\/2021\/06\/knee.jpg"},{"@type":"BreadcrumbList","@id":"https:\/\/fisioterapiaenplaya.com\/servicios-old\/cirugia-general\/#breadcrumb","itemListElement":[{"@type":"ListItem","position":1,"name":"Home","item":"https:\/\/fisioterapiaenplaya.com\/"},{"@type":"ListItem","position":2,"name":"Servicios","item":"https:\/\/fisioterapiaenplaya.com\/servicios-old\/"},{"@type":"ListItem","position":3,"name":"Cirug\u00eda General"}]},{"@type":"WebSite","@id":"https:\/\/fisioterapiaenplaya.com\/#website","url":"https:\/\/fisioterapiaenplaya.com\/","name":"Fisio Playa","description":"Sports injuries, physiotherapy, sports medicine and regenerative therapy","potentialAction":[{"@type":"SearchAction","target":{"@type":"EntryPoint","urlTemplate":"https:\/\/fisioterapiaenplaya.com\/?s={search_term_string}"},"query-input":{"@type":"PropertyValueSpecification","valueRequired":true,"valueName":"search_term_string"}}],"inLanguage":"en-US"}]}},"_links":{"self":[{"href":"https:\/\/fisioterapiaenplaya.com\/en\/wp-json\/wp\/v2\/pages\/2472","targetHints":{"allow":["GET"]}}],"collection":[{"href":"https:\/\/fisioterapiaenplaya.com\/en\/wp-json\/wp\/v2\/pages"}],"about":[{"href":"https:\/\/fisioterapiaenplaya.com\/en\/wp-json\/wp\/v2\/types\/page"}],"author":[{"embeddable":true,"href":"https:\/\/fisioterapiaenplaya.com\/en\/wp-json\/wp\/v2\/users\/7"}],"replies":[{"embeddable":true,"href":"https:\/\/fisioterapiaenplaya.com\/en\/wp-json\/wp\/v2\/comments?post=2472"}],"version-history":[{"count":19,"href":"https:\/\/fisioterapiaenplaya.com\/en\/wp-json\/wp\/v2\/pages\/2472\/revisions"}],"predecessor-version":[{"id":2880,"href":"https:\/\/fisioterapiaenplaya.com\/en\/wp-json\/wp\/v2\/pages\/2472\/revisions\/2880"}],"up":[{"embeddable":true,"href":"https:\/\/fisioterapiaenplaya.com\/en\/wp-json\/wp\/v2\/pages\/2660"}],"wp:attachment":[{"href":"https:\/\/fisioterapiaenplaya.com\/en\/wp-json\/wp\/v2\/media?parent=2472"}],"curies":[{"name":"wp","href":"https:\/\/api.w.org\/{rel}","templated":true}]}}