{"id":2152,"date":"2020-08-19T17:19:38","date_gmt":"2020-08-19T17:19:38","guid":{"rendered":"http:\/\/fisioterapiaenplaya.com\/?page_id=2152"},"modified":"2026-03-04T15:05:20","modified_gmt":"2026-03-04T20:05:20","slug":"medicina-regenerativa","status":"publish","type":"page","link":"https:\/\/fisioterapiaenplaya.com\/es\/medicina-regenerativa\/","title":{"rendered":"Medicina Regenerativa Playa del Carmen"},"content":{"rendered":"\t\t<div data-elementor-type=\"wp-page\" data-elementor-id=\"2152\" class=\"elementor elementor-2152\" data-elementor-post-type=\"page\">\n\t\t\t\t\t\t<section class=\"elementor-section elementor-top-section elementor-element elementor-element-4d832836 elementor-section-height-min-height elementor-section-boxed elementor-section-height-default elementor-section-items-middle\" data-id=\"4d832836\" data-element_type=\"section\" data-e-type=\"section\" data-settings=\"{&quot;background_background&quot;:&quot;slideshow&quot;,&quot;background_slideshow_gallery&quot;:[{&quot;id&quot;:2326,&quot;url&quot;:&quot;https:\\\/\\\/fisioterapiaenplaya.com\\\/wp-content\\\/uploads\\\/2021\\\/06\\\/cropped-AdobeStock_160757465.jpeg&quot;}],&quot;background_slideshow_loop&quot;:&quot;yes&quot;,&quot;background_slideshow_slide_duration&quot;:5000,&quot;background_slideshow_slide_transition&quot;:&quot;fade&quot;,&quot;background_slideshow_transition_duration&quot;:500}\">\n\t\t\t\t\t\t\t<div class=\"elementor-background-overlay\"><\/div>\n\t\t\t\t\t\t\t<div class=\"elementor-container elementor-column-gap-default\">\n\t\t\t\t\t<div class=\"elementor-column elementor-col-100 elementor-top-column elementor-element elementor-element-bd9c12a\" data-id=\"bd9c12a\" data-element_type=\"column\" data-e-type=\"column\">\n\t\t\t<div class=\"elementor-widget-wrap elementor-element-populated\">\n\t\t\t\t\t\t<div class=\"elementor-element elementor-element-5319c54 elementor-widget-divider--view-line elementor-widget elementor-widget-divider\" data-id=\"5319c54\" data-element_type=\"widget\" data-e-type=\"widget\" data-widget_type=\"divider.default\">\n\t\t\t\t<div class=\"elementor-widget-container\">\n\t\t\t\t\t\t\t<div class=\"elementor-divider\">\n\t\t\t<span class=\"elementor-divider-separator\">\n\t\t\t\t\t\t<\/span>\n\t\t<\/div>\n\t\t\t\t\t\t<\/div>\n\t\t\t\t<\/div>\n\t\t\t\t<div class=\"elementor-element elementor-element-3487cb0 elementor-widget elementor-widget-heading\" data-id=\"3487cb0\" data-element_type=\"widget\" data-e-type=\"widget\" data-widget_type=\"heading.default\">\n\t\t\t\t<div class=\"elementor-widget-container\">\n\t\t\t\t\t<h2 class=\"elementor-heading-title elementor-size-default\">Medicina Regenerativa Avanzada en Playa del Carmen\n<\/h2>\t\t\t\t<\/div>\n\t\t\t\t<\/div>\n\t\t\t\t\t<\/div>\n\t\t<\/div>\n\t\t\t\t\t<\/div>\n\t\t<\/section>\n\t\t\t\t<section class=\"elementor-section elementor-top-section elementor-element elementor-element-1512fb22 elementor-section-boxed elementor-section-height-default elementor-section-height-default\" data-id=\"1512fb22\" data-element_type=\"section\" data-e-type=\"section\">\n\t\t\t\t\t\t<div class=\"elementor-container elementor-column-gap-default\">\n\t\t\t\t\t<div class=\"elementor-column elementor-col-100 elementor-top-column elementor-element elementor-element-1ebd9183\" data-id=\"1ebd9183\" data-element_type=\"column\" data-e-type=\"column\" data-settings=\"{&quot;background_background&quot;:&quot;classic&quot;}\">\n\t\t\t<div class=\"elementor-widget-wrap elementor-element-populated\">\n\t\t\t\t\t\t<div class=\"elementor-element elementor-element-336988e0 elementor-widget elementor-widget-text-editor\" data-id=\"336988e0\" data-element_type=\"widget\" data-e-type=\"widget\" data-widget_type=\"text-editor.default\">\n\t\t\t\t<div class=\"elementor-widget-container\">\n\t\t\t\t\t\t\t\t\t<p><span style=\"font-weight: 400;\">En <\/span><b>FisioPlaya<\/b><span style=\"font-weight: 400;\"> ofrecemos tratamientos de <\/span><b>medicina regenerativa<\/b><span style=\"font-weight: 400;\"> enfocados en estimular los procesos naturales de reparaci\u00f3n del cuerpo, mejorar la funci\u00f3n de los tejidos y apoyar la recuperaci\u00f3n del sistema musculoesquel\u00e9tico.<\/span><\/p><p><span style=\"font-weight: 400;\">Trabajamos con protocolos especializados y con el respaldo del <\/span><b>laboratorio CB Cells de Guadalajara<\/b><span style=\"font-weight: 400;\">, reconocido por su trabajo en biotecnolog\u00eda celular. Nuestro equipo est\u00e1 conformado por <\/span><b>profesionales con m\u00e1s de 10 a\u00f1os de experiencia en terapias regenerativas<\/b><span style=\"font-weight: 400;\">, aplicando procedimientos bajo est\u00e1ndares de calidad, seguridad y buenas pr\u00e1cticas cl\u00ednicas.<\/span><\/p><p><span style=\"font-weight: 400;\">Nuestros tratamientos incluyen:<\/span><\/p>\t\t\t\t\t\t\t\t<\/div>\n\t\t\t\t<\/div>\n\t\t\t\t<div class=\"elementor-element elementor-element-8d6068b elementor-widget elementor-widget-heading\" data-id=\"8d6068b\" data-element_type=\"widget\" data-e-type=\"widget\" data-widget_type=\"heading.default\">\n\t\t\t\t<div class=\"elementor-widget-container\">\n\t\t\t\t\t<h3 class=\"elementor-heading-title elementor-size-default\">Terapia con C\u00e9lulas Madre\n<\/h3>\t\t\t\t<\/div>\n\t\t\t\t<\/div>\n\t\t\t\t<div class=\"elementor-element elementor-element-2ab617b elementor-widget elementor-widget-text-editor\" data-id=\"2ab617b\" data-element_type=\"widget\" data-e-type=\"widget\" data-widget_type=\"text-editor.default\">\n\t\t\t\t<div class=\"elementor-widget-container\">\n\t\t\t\t\t\t\t\t\t<p><span style=\"font-weight: 400;\">La terapia con <\/span><b>c\u00e9lulas madre<\/b><span style=\"font-weight: 400;\"> utiliza c\u00e9lulas con capacidad regenerativa que ayudan a estimular los procesos naturales de reparaci\u00f3n del organismo. Estas c\u00e9lulas pueden contribuir a mejorar la regeneraci\u00f3n de tejidos da\u00f1ados y apoyar la recuperaci\u00f3n funcional en diferentes condiciones musculoesquel\u00e9ticas.<\/span><\/p><p><b>Beneficios potenciales:<\/b><\/p><ul><li style=\"font-weight: 400;\" aria-level=\"1\"><span style=\"font-weight: 400;\">Apoyo en la regeneraci\u00f3n de tejidos<\/span><\/li><li style=\"font-weight: 400;\" aria-level=\"1\"><span style=\"font-weight: 400;\">Mejora de procesos inflamatorios cr\u00f3nicos<\/span><\/li><li style=\"font-weight: 400;\" aria-level=\"1\"><span style=\"font-weight: 400;\">Recuperaci\u00f3n en lesiones articulares o musculares<\/span><\/li><li style=\"font-weight: 400;\" aria-level=\"1\"><span style=\"font-weight: 400;\">Apoyo en procesos de rehabilitaci\u00f3n avanzada<\/span><\/li><\/ul>\t\t\t\t\t\t\t\t<\/div>\n\t\t\t\t<\/div>\n\t\t\t\t<div class=\"elementor-element elementor-element-bd18253 elementor-widget elementor-widget-heading\" data-id=\"bd18253\" data-element_type=\"widget\" data-e-type=\"widget\" data-widget_type=\"heading.default\">\n\t\t\t\t<div class=\"elementor-widget-container\">\n\t\t\t\t\t<h3 class=\"elementor-heading-title elementor-size-default\">Implantes de Placenta\n<\/h3>\t\t\t\t<\/div>\n\t\t\t\t<\/div>\n\t\t\t\t<div class=\"elementor-element elementor-element-27d76cd elementor-widget elementor-widget-text-editor\" data-id=\"27d76cd\" data-element_type=\"widget\" data-e-type=\"widget\" data-widget_type=\"text-editor.default\">\n\t\t\t\t<div class=\"elementor-widget-container\">\n\t\t\t\t\t\t\t\t\t<p><span style=\"font-weight: 400;\">Los <\/span><b>implantes de placenta<\/b><span style=\"font-weight: 400;\"> utilizan componentes biol\u00f3gicos ricos en factores de crecimiento que pueden estimular la reparaci\u00f3n celular y favorecer la regeneraci\u00f3n de tejidos.<\/span><\/p><p><span style=\"font-weight: 400;\">Este tratamiento es utilizado en medicina regenerativa para apoyar procesos de recuperaci\u00f3n y mejorar la respuesta natural del cuerpo ante lesiones o desgaste tisular.<\/span><\/p><p><b>Beneficios potenciales:<\/b><\/p><ul><li style=\"font-weight: 400;\" aria-level=\"1\"><span style=\"font-weight: 400;\">Estimulaci\u00f3n de procesos de regeneraci\u00f3n celular<\/span><\/li><li style=\"font-weight: 400;\" aria-level=\"1\"><span style=\"font-weight: 400;\">Apoyo en la recuperaci\u00f3n de tejidos da\u00f1ados<\/span><\/li><li style=\"font-weight: 400;\" aria-level=\"1\"><span style=\"font-weight: 400;\">Mejora en procesos inflamatorios<\/span><\/li><li style=\"font-weight: 400;\" aria-level=\"1\"><span style=\"font-weight: 400;\">Apoyo en tratamientos regenerativos complementarios<\/span><\/li><\/ul>\t\t\t\t\t\t\t\t<\/div>\n\t\t\t\t<\/div>\n\t\t\t\t<div class=\"elementor-element elementor-element-bb1069a elementor-widget elementor-widget-heading\" data-id=\"bb1069a\" data-element_type=\"widget\" data-e-type=\"widget\" data-widget_type=\"heading.default\">\n\t\t\t\t<div class=\"elementor-widget-container\">\n\t\t\t\t\t<h3 class=\"elementor-heading-title elementor-size-default\">Plasma Rico en Plaquetas (PRP)\n<\/h3>\t\t\t\t<\/div>\n\t\t\t\t<\/div>\n\t\t\t\t<div class=\"elementor-element elementor-element-7f322c8 elementor-widget elementor-widget-text-editor\" data-id=\"7f322c8\" data-element_type=\"widget\" data-e-type=\"widget\" data-widget_type=\"text-editor.default\">\n\t\t\t\t<div class=\"elementor-widget-container\">\n\t\t\t\t\t\t\t\t\t<p><span style=\"font-weight: 400;\">El <\/span><b>PRP<\/b><span style=\"font-weight: 400;\"> es un tratamiento que utiliza los propios componentes de la sangre del paciente para concentrar <\/span><b>factores de crecimiento<\/b><span style=\"font-weight: 400;\"> que estimulan la regeneraci\u00f3n de tejidos.<\/span><\/p><p><span style=\"font-weight: 400;\">Se utiliza frecuentemente en medicina deportiva, ortopedia y est\u00e9tica regenerativa.<\/span><\/p><p><b>Beneficios potenciales:<\/b><\/p><ul><li style=\"font-weight: 400;\" aria-level=\"1\"><span style=\"font-weight: 400;\">Estimulaci\u00f3n de la reparaci\u00f3n de tejidos<\/span><\/li><li style=\"font-weight: 400;\" aria-level=\"1\"><span style=\"font-weight: 400;\">Recuperaci\u00f3n m\u00e1s r\u00e1pida en lesiones musculares o tendinosas<\/span><\/li><li style=\"font-weight: 400;\" aria-level=\"1\"><span style=\"font-weight: 400;\">Apoyo en regeneraci\u00f3n articular<\/span><\/li><li style=\"font-weight: 400;\" aria-level=\"1\"><span style=\"font-weight: 400;\">Mejora de la calidad de la piel en tratamientos est\u00e9ticos<\/span><\/li><\/ul>\t\t\t\t\t\t\t\t<\/div>\n\t\t\t\t<\/div>\n\t\t\t\t<div class=\"elementor-element elementor-element-c5fec21 elementor-widget elementor-widget-heading\" data-id=\"c5fec21\" data-element_type=\"widget\" data-e-type=\"widget\" data-widget_type=\"heading.default\">\n\t\t\t\t<div class=\"elementor-widget-container\">\n\t\t\t\t\t<h3 class=\"elementor-heading-title elementor-size-default\">Ozonoterapia M\u00e9dica\n<\/h3>\t\t\t\t<\/div>\n\t\t\t\t<\/div>\n\t\t\t\t<div class=\"elementor-element elementor-element-56be4b7 elementor-widget elementor-widget-text-editor\" data-id=\"56be4b7\" data-element_type=\"widget\" data-e-type=\"widget\" data-widget_type=\"text-editor.default\">\n\t\t\t\t<div class=\"elementor-widget-container\">\n\t\t\t\t\t\t\t\t\t<p><span style=\"font-weight: 400;\">La <\/span><b>ozonoterapia<\/b><span style=\"font-weight: 400;\"> utiliza una mezcla controlada de ox\u00edgeno y ozono con fines terap\u00e9uticos. Este tratamiento puede ayudar a mejorar la oxigenaci\u00f3n de los tejidos y apoyar procesos antiinflamatorios.<\/span><\/p><p><b>Beneficios potenciales:<\/b><\/p><ul><li style=\"font-weight: 400;\" aria-level=\"1\"><span style=\"font-weight: 400;\">Mejora de la oxigenaci\u00f3n celular<\/span><\/li><li style=\"font-weight: 400;\" aria-level=\"1\"><span style=\"font-weight: 400;\">Apoyo en procesos antiinflamatorios<\/span><\/li><li style=\"font-weight: 400;\" aria-level=\"1\"><span style=\"font-weight: 400;\">Estimulaci\u00f3n del sistema inmunol\u00f3gico<\/span><\/li><li style=\"font-weight: 400;\" aria-level=\"1\"><span style=\"font-weight: 400;\">Apoyo en tratamientos de dolor cr\u00f3nico<\/span><\/li><\/ul>\t\t\t\t\t\t\t\t<\/div>\n\t\t\t\t<\/div>\n\t\t\t\t<div class=\"elementor-element elementor-element-1d1575d elementor-widget elementor-widget-heading\" data-id=\"1d1575d\" data-element_type=\"widget\" data-e-type=\"widget\" data-widget_type=\"heading.default\">\n\t\t\t\t<div class=\"elementor-widget-container\">\n\t\t\t\t\t<h3 class=\"elementor-heading-title elementor-size-default\">Ondas de Choque\n<\/h3>\t\t\t\t<\/div>\n\t\t\t\t<\/div>\n\t\t\t\t<div class=\"elementor-element elementor-element-2e6c2da elementor-widget elementor-widget-text-editor\" data-id=\"2e6c2da\" data-element_type=\"widget\" data-e-type=\"widget\" data-widget_type=\"text-editor.default\">\n\t\t\t\t<div class=\"elementor-widget-container\">\n\t\t\t\t\t\t\t\t\t<p><span style=\"font-weight: 400;\">La terapia de <\/span><b>ondas de choque<\/b><span style=\"font-weight: 400;\"> utiliza impulsos ac\u00fasticos de alta energ\u00eda que estimulan la regeneraci\u00f3n de tejidos y favorecen la recuperaci\u00f3n de lesiones musculoesquel\u00e9ticas.<\/span><\/p><p><span style=\"font-weight: 400;\">Es ampliamente utilizada en fisioterapia avanzada y medicina deportiva.<\/span><\/p><p><b>Beneficios potenciales:<\/b><\/p><ul><li style=\"font-weight: 400;\" aria-level=\"1\"><span style=\"font-weight: 400;\">Reducci\u00f3n del dolor<\/span><\/li><li style=\"font-weight: 400;\" aria-level=\"1\"><span style=\"font-weight: 400;\">Estimulaci\u00f3n de la regeneraci\u00f3n de tejidos<\/span><\/li><li style=\"font-weight: 400;\" aria-level=\"1\"><span style=\"font-weight: 400;\">Mejora en tendinitis y lesiones cr\u00f3nicas<\/span><\/li><li style=\"font-weight: 400;\" aria-level=\"1\"><span style=\"font-weight: 400;\">Recuperaci\u00f3n funcional m\u00e1s r\u00e1pida<\/span><\/li><\/ul>\t\t\t\t\t\t\t\t<\/div>\n\t\t\t\t<\/div>\n\t\t\t\t<div class=\"elementor-element elementor-element-a4fd925 elementor-widget elementor-widget-heading\" data-id=\"a4fd925\" data-element_type=\"widget\" data-e-type=\"widget\" data-widget_type=\"heading.default\">\n\t\t\t\t<div class=\"elementor-widget-container\">\n\t\t\t\t\t<h3 class=\"elementor-heading-title elementor-size-default\">Dermapen \u2013 Microneedling Regenerativo\n<\/h3>\t\t\t\t<\/div>\n\t\t\t\t<\/div>\n\t\t\t\t<div class=\"elementor-element elementor-element-5109ddf elementor-widget elementor-widget-text-editor\" data-id=\"5109ddf\" data-element_type=\"widget\" data-e-type=\"widget\" data-widget_type=\"text-editor.default\">\n\t\t\t\t<div class=\"elementor-widget-container\">\n\t\t\t\t\t\t\t\t\t<p><span style=\"font-weight: 400;\">El <\/span><b>Dermapen<\/b><span style=\"font-weight: 400;\"> es un tratamiento de microneedling que utiliza microagujas para estimular la producci\u00f3n natural de col\u00e1geno y mejorar la regeneraci\u00f3n de la piel.<\/span><\/p><p><b>Beneficios potenciales:<\/b><\/p><ul><li style=\"font-weight: 400;\" aria-level=\"1\"><span style=\"font-weight: 400;\">Estimulaci\u00f3n de col\u00e1geno y elastina<\/span><\/li><li style=\"font-weight: 400;\" aria-level=\"1\"><span style=\"font-weight: 400;\">Mejora de la textura y firmeza de la piel<\/span><\/li><li style=\"font-weight: 400;\" aria-level=\"1\"><span style=\"font-weight: 400;\">Reducci\u00f3n de cicatrices o marcas<\/span><\/li><li style=\"font-weight: 400;\" aria-level=\"1\"><span style=\"font-weight: 400;\">Rejuvenecimiento facial natural<\/span><\/li><\/ul>\t\t\t\t\t\t\t\t<\/div>\n\t\t\t\t<\/div>\n\t\t\t\t<div class=\"elementor-element elementor-element-a28f622 elementor-widget elementor-widget-text-editor\" data-id=\"a28f622\" data-element_type=\"widget\" data-e-type=\"widget\" data-widget_type=\"text-editor.default\">\n\t\t\t\t<div class=\"elementor-widget-container\">\n\t\t\t\t\t\t\t\t\t<p><span style=\"font-weight: 400;\">En <\/span><b>FisioPlaya<\/b><span style=\"font-weight: 400;\">, combinamos <\/span><b>tecnolog\u00eda m\u00e9dica, protocolos especializados y experiencia cl\u00ednica<\/b><span style=\"font-weight: 400;\"> para ofrecer tratamientos regenerativos orientados a mejorar la calidad de vida y apoyar los procesos naturales de recuperaci\u00f3n del cuerpo.<\/span><\/p><p><span style=\"font-weight: 400;\">Ubicados en <\/span><b>Playa del Carmen, Riviera Maya<\/b><span style=\"font-weight: 400;\">, recibimos pacientes nacionales e internacionales que buscan <\/span><b>atenci\u00f3n especializada dentro de una experiencia integral de turismo m\u00e9dico<\/b><span style=\"font-weight: 400;\">.<\/span><\/p><p><a href=\"https:\/\/bit.ly\/Fisioplaya-regenerativa\">Agenda tu cita de valoraci\u00f3n aqu\u00ed.<\/a><\/p>\t\t\t\t\t\t\t\t<\/div>\n\t\t\t\t<\/div>\n\t\t\t\t\t<\/div>\n\t\t<\/div>\n\t\t\t\t\t<\/div>\n\t\t<\/section>\n\t\t\t\t<\/div>\n\t\t","protected":false},"excerpt":{"rendered":"<p>Medicina Regenerativa Avanzada en Playa del Carmen En FisioPlaya ofrecemos tratamientos de medicina regenerativa enfocados en estimular los procesos naturales de reparaci\u00f3n [&hellip;]<\/p>\n","protected":false},"author":3,"featured_media":2787,"parent":0,"menu_order":0,"comment_status":"closed","ping_status":"closed","template":"","meta":{"footnotes":""},"class_list":["post-2152","page","type-page","status-publish","has-post-thumbnail","hentry"],"acf":[],"yoast_head":"<!-- This site is optimized with the Yoast SEO plugin v27.1.1 - https:\/\/yoast.com\/product\/yoast-seo-wordpress\/ -->\n<title>Medicina Regenerativa en Playa del Carmen - Fisio Playa<\/title>\n<meta name=\"description\" content=\"\u00bfte interesar\u00eda hacer tu tratamiento en la riviera Maya y aprovechar del Mar Caribe y sus riquezas naturales? Conoce nuestro programa Fly &amp; Heal\" \/>\n<meta name=\"robots\" content=\"index, follow, max-snippet:-1, max-image-preview:large, max-video-preview:-1\" \/>\n<link rel=\"canonical\" href=\"https:\/\/fisioterapiaenplaya.com\/es\/medicina-regenerativa\/\" \/>\n<meta property=\"og:locale\" content=\"es_MX\" \/>\n<meta property=\"og:type\" content=\"article\" \/>\n<meta property=\"og:title\" content=\"Medicina Regenerativa en Playa del Carmen - Fisio Playa\" \/>\n<meta property=\"og:description\" content=\"\u00bfte interesar\u00eda hacer tu tratamiento en la riviera Maya y aprovechar del Mar Caribe y sus riquezas naturales? Conoce nuestro programa Fly &amp; Heal\" \/>\n<meta property=\"og:url\" content=\"https:\/\/fisioterapiaenplaya.com\/es\/medicina-regenerativa\/\" \/>\n<meta property=\"og:site_name\" content=\"Fisio Playa\" \/>\n<meta property=\"article:modified_time\" content=\"2026-03-04T20:05:20+00:00\" \/>\n<meta property=\"og:image\" content=\"https:\/\/fisioterapiaenplaya.com\/wp-content\/uploads\/2021\/06\/medical-tourism.jpg\" \/>\n\t<meta property=\"og:image:width\" content=\"1360\" \/>\n\t<meta property=\"og:image:height\" content=\"906\" \/>\n\t<meta property=\"og:image:type\" content=\"image\/jpeg\" \/>\n<meta name=\"twitter:card\" content=\"summary_large_image\" \/>\n<meta name=\"twitter:label1\" content=\"Tiempo de lectura\" \/>\n\t<meta name=\"twitter:data1\" content=\"3 minutos\" \/>\n<script type=\"application\/ld+json\" class=\"yoast-schema-graph\">{\"@context\":\"https:\/\/schema.org\",\"@graph\":[{\"@type\":\"WebPage\",\"@id\":\"https:\/\/fisioterapiaenplaya.com\/medicina-regenerativa\/\",\"url\":\"https:\/\/fisioterapiaenplaya.com\/medicina-regenerativa\/\",\"name\":\"Medicina Regenerativa en Playa del Carmen - Fisio Playa\",\"isPartOf\":{\"@id\":\"https:\/\/fisioterapiaenplaya.com\/#website\"},\"primaryImageOfPage\":{\"@id\":\"https:\/\/fisioterapiaenplaya.com\/medicina-regenerativa\/#primaryimage\"},\"image\":{\"@id\":\"https:\/\/fisioterapiaenplaya.com\/medicina-regenerativa\/#primaryimage\"},\"thumbnailUrl\":\"https:\/\/fisioterapiaenplaya.com\/wp-content\/uploads\/2021\/06\/medical-tourism.jpg\",\"datePublished\":\"2020-08-19T17:19:38+00:00\",\"dateModified\":\"2026-03-04T20:05:20+00:00\",\"description\":\"\u00bfte interesar\u00eda hacer tu tratamiento en la riviera Maya y aprovechar del Mar Caribe y sus riquezas naturales? Conoce nuestro programa Fly & Heal\",\"breadcrumb\":{\"@id\":\"https:\/\/fisioterapiaenplaya.com\/medicina-regenerativa\/#breadcrumb\"},\"inLanguage\":\"es\",\"potentialAction\":[{\"@type\":\"ReadAction\",\"target\":[\"https:\/\/fisioterapiaenplaya.com\/medicina-regenerativa\/\"]}]},{\"@type\":\"ImageObject\",\"inLanguage\":\"es\",\"@id\":\"https:\/\/fisioterapiaenplaya.com\/medicina-regenerativa\/#primaryimage\",\"url\":\"https:\/\/fisioterapiaenplaya.com\/wp-content\/uploads\/2021\/06\/medical-tourism.jpg\",\"contentUrl\":\"https:\/\/fisioterapiaenplaya.com\/wp-content\/uploads\/2021\/06\/medical-tourism.jpg\",\"width\":1360,\"height\":906,\"caption\":\"travel insurance safe trip concept\"},{\"@type\":\"BreadcrumbList\",\"@id\":\"https:\/\/fisioterapiaenplaya.com\/medicina-regenerativa\/#breadcrumb\",\"itemListElement\":[{\"@type\":\"ListItem\",\"position\":1,\"name\":\"Home\",\"item\":\"https:\/\/fisioterapiaenplaya.com\/\"},{\"@type\":\"ListItem\",\"position\":2,\"name\":\"Medicina Regenerativa Playa del Carmen\"}]},{\"@type\":\"WebSite\",\"@id\":\"https:\/\/fisioterapiaenplaya.com\/#website\",\"url\":\"https:\/\/fisioterapiaenplaya.com\/\",\"name\":\"Fisio Playa\",\"description\":\"Lesiones deportivas, fisioterapia, medicina deportiva y terapia regenerativa\",\"potentialAction\":[{\"@type\":\"SearchAction\",\"target\":{\"@type\":\"EntryPoint\",\"urlTemplate\":\"https:\/\/fisioterapiaenplaya.com\/?s={search_term_string}\"},\"query-input\":{\"@type\":\"PropertyValueSpecification\",\"valueRequired\":true,\"valueName\":\"search_term_string\"}}],\"inLanguage\":\"es\"}]}<\/script>\n<!-- \/ Yoast SEO plugin. -->","yoast_head_json":{"title":"Medicina Regenerativa en Playa del Carmen - Fisio Playa","description":"\u00bfte interesar\u00eda hacer tu tratamiento en la riviera Maya y aprovechar del Mar Caribe y sus riquezas naturales? Conoce nuestro programa Fly & Heal","robots":{"index":"index","follow":"follow","max-snippet":"max-snippet:-1","max-image-preview":"max-image-preview:large","max-video-preview":"max-video-preview:-1"},"canonical":"https:\/\/fisioterapiaenplaya.com\/es\/medicina-regenerativa\/","og_locale":"es_MX","og_type":"article","og_title":"Medicina Regenerativa en Playa del Carmen - Fisio Playa","og_description":"\u00bfte interesar\u00eda hacer tu tratamiento en la riviera Maya y aprovechar del Mar Caribe y sus riquezas naturales? Conoce nuestro programa Fly & Heal","og_url":"https:\/\/fisioterapiaenplaya.com\/es\/medicina-regenerativa\/","og_site_name":"Fisio Playa","article_modified_time":"2026-03-04T20:05:20+00:00","og_image":[{"width":1360,"height":906,"url":"https:\/\/fisioterapiaenplaya.com\/wp-content\/uploads\/2021\/06\/medical-tourism.jpg","type":"image\/jpeg"}],"twitter_card":"summary_large_image","twitter_misc":{"Tiempo de lectura":"3 minutos"},"schema":{"@context":"https:\/\/schema.org","@graph":[{"@type":"WebPage","@id":"https:\/\/fisioterapiaenplaya.com\/medicina-regenerativa\/","url":"https:\/\/fisioterapiaenplaya.com\/medicina-regenerativa\/","name":"Medicina Regenerativa en Playa del Carmen - Fisio Playa","isPartOf":{"@id":"https:\/\/fisioterapiaenplaya.com\/#website"},"primaryImageOfPage":{"@id":"https:\/\/fisioterapiaenplaya.com\/medicina-regenerativa\/#primaryimage"},"image":{"@id":"https:\/\/fisioterapiaenplaya.com\/medicina-regenerativa\/#primaryimage"},"thumbnailUrl":"https:\/\/fisioterapiaenplaya.com\/wp-content\/uploads\/2021\/06\/medical-tourism.jpg","datePublished":"2020-08-19T17:19:38+00:00","dateModified":"2026-03-04T20:05:20+00:00","description":"\u00bfte interesar\u00eda hacer tu tratamiento en la riviera Maya y aprovechar del Mar Caribe y sus riquezas naturales? Conoce nuestro programa Fly & Heal","breadcrumb":{"@id":"https:\/\/fisioterapiaenplaya.com\/medicina-regenerativa\/#breadcrumb"},"inLanguage":"es","potentialAction":[{"@type":"ReadAction","target":["https:\/\/fisioterapiaenplaya.com\/medicina-regenerativa\/"]}]},{"@type":"ImageObject","inLanguage":"es","@id":"https:\/\/fisioterapiaenplaya.com\/medicina-regenerativa\/#primaryimage","url":"https:\/\/fisioterapiaenplaya.com\/wp-content\/uploads\/2021\/06\/medical-tourism.jpg","contentUrl":"https:\/\/fisioterapiaenplaya.com\/wp-content\/uploads\/2021\/06\/medical-tourism.jpg","width":1360,"height":906,"caption":"travel insurance safe trip concept"},{"@type":"BreadcrumbList","@id":"https:\/\/fisioterapiaenplaya.com\/medicina-regenerativa\/#breadcrumb","itemListElement":[{"@type":"ListItem","position":1,"name":"Home","item":"https:\/\/fisioterapiaenplaya.com\/"},{"@type":"ListItem","position":2,"name":"Medicina Regenerativa Playa del Carmen"}]},{"@type":"WebSite","@id":"https:\/\/fisioterapiaenplaya.com\/#website","url":"https:\/\/fisioterapiaenplaya.com\/","name":"Fisio Playa","description":"Lesiones deportivas, fisioterapia, medicina deportiva y terapia regenerativa","potentialAction":[{"@type":"SearchAction","target":{"@type":"EntryPoint","urlTemplate":"https:\/\/fisioterapiaenplaya.com\/?s={search_term_string}"},"query-input":{"@type":"PropertyValueSpecification","valueRequired":true,"valueName":"search_term_string"}}],"inLanguage":"es"}]}},"_links":{"self":[{"href":"https:\/\/fisioterapiaenplaya.com\/es\/wp-json\/wp\/v2\/pages\/2152","targetHints":{"allow":["GET"]}}],"collection":[{"href":"https:\/\/fisioterapiaenplaya.com\/es\/wp-json\/wp\/v2\/pages"}],"about":[{"href":"https:\/\/fisioterapiaenplaya.com\/es\/wp-json\/wp\/v2\/types\/page"}],"author":[{"embeddable":true,"href":"https:\/\/fisioterapiaenplaya.com\/es\/wp-json\/wp\/v2\/users\/3"}],"replies":[{"embeddable":true,"href":"https:\/\/fisioterapiaenplaya.com\/es\/wp-json\/wp\/v2\/comments?post=2152"}],"version-history":[{"count":31,"href":"https:\/\/fisioterapiaenplaya.com\/es\/wp-json\/wp\/v2\/pages\/2152\/revisions"}],"predecessor-version":[{"id":3850,"href":"https:\/\/fisioterapiaenplaya.com\/es\/wp-json\/wp\/v2\/pages\/2152\/revisions\/3850"}],"wp:featuredmedia":[{"embeddable":true,"href":"https:\/\/fisioterapiaenplaya.com\/es\/wp-json\/wp\/v2\/media\/2787"}],"wp:attachment":[{"href":"https:\/\/fisioterapiaenplaya.com\/es\/wp-json\/wp\/v2\/media?parent=2152"}],"curies":[{"name":"wp","href":"https:\/\/api.w.org\/{rel}","templated":true}]}}