{"id":2445,"date":"2021-06-21T19:42:46","date_gmt":"2021-06-22T00:42:46","guid":{"rendered":"https:\/\/staging.fisioterapiaenplaya.com\/?page_id=2445"},"modified":"2021-06-30T12:16:45","modified_gmt":"2021-06-30T17:16:45","slug":"medicina-deportiva","status":"publish","type":"page","link":"https:\/\/fisioterapiaenplaya.com\/es\/servicios-old\/medicina-deportiva\/","title":{"rendered":"Medicina Deportiva"},"content":{"rendered":"\t\t<div data-elementor-type=\"wp-page\" data-elementor-id=\"2445\" class=\"elementor elementor-2445\" data-elementor-post-type=\"page\">\n\t\t\t\t\t\t<section class=\"elementor-section elementor-top-section elementor-element elementor-element-200e4154 elementor-section-height-min-height elementor-section-boxed elementor-section-height-default elementor-section-items-middle\" data-id=\"200e4154\" data-element_type=\"section\" data-e-type=\"section\" data-settings=\"{&quot;background_background&quot;:&quot;classic&quot;}\">\n\t\t\t\t\t\t\t<div class=\"elementor-background-overlay\"><\/div>\n\t\t\t\t\t\t\t<div class=\"elementor-container elementor-column-gap-default\">\n\t\t\t\t\t<div class=\"elementor-column elementor-col-100 elementor-top-column elementor-element elementor-element-3aa0a6af\" data-id=\"3aa0a6af\" data-element_type=\"column\" data-e-type=\"column\">\n\t\t\t<div class=\"elementor-widget-wrap elementor-element-populated\">\n\t\t\t\t\t\t<div class=\"elementor-element elementor-element-679d6565 elementor-widget elementor-widget-heading\" data-id=\"679d6565\" data-element_type=\"widget\" data-e-type=\"widget\" data-widget_type=\"heading.default\">\n\t\t\t\t<div class=\"elementor-widget-container\">\n\t\t\t\t\t<h1 class=\"elementor-heading-title elementor-size-default\">Medicina Deportiva\n\n<\/h1>\t\t\t\t<\/div>\n\t\t\t\t<\/div>\n\t\t\t\t<div class=\"elementor-element elementor-element-7f92b3c2 elementor-widget-divider--view-line elementor-widget elementor-widget-divider\" data-id=\"7f92b3c2\" data-element_type=\"widget\" data-e-type=\"widget\" data-widget_type=\"divider.default\">\n\t\t\t\t<div class=\"elementor-widget-container\">\n\t\t\t\t\t\t\t<div class=\"elementor-divider\">\n\t\t\t<span class=\"elementor-divider-separator\">\n\t\t\t\t\t\t<\/span>\n\t\t<\/div>\n\t\t\t\t\t\t<\/div>\n\t\t\t\t<\/div>\n\t\t\t\t<div class=\"elementor-element elementor-element-1d552925 elementor-widget__width-initial elementor-widget-tablet__width-inherit elementor-widget elementor-widget-text-editor\" data-id=\"1d552925\" data-element_type=\"widget\" data-e-type=\"widget\" data-widget_type=\"text-editor.default\">\n\t\t\t\t<div class=\"elementor-widget-container\">\n\t\t\t\t\t\t\t\t\t<p data-pm-slice=\"1 1 [\"><span id=\"E574\">Es una parte de la medicina que se ocupa espec\u00edficamente de estudiar cu\u00e1les son los efectos que la actividad f\u00edsica y el entrenamiento tienen sobre el cuerpo humano. Asimismo, se encarga de <\/span><strong><span id=\"E575\">prevenir y tambi\u00e9n de tratar las lesiones, afecciones y enfermedades<\/span><\/strong><span id=\"E576\"> que pueden desarrollarse a consecuencia de esto.<\/span><\/p>\t\t\t\t\t\t\t\t<\/div>\n\t\t\t\t<\/div>\n\t\t\t\t\t<\/div>\n\t\t<\/div>\n\t\t\t\t\t<\/div>\n\t\t<\/section>\n\t\t\t\t<section class=\"elementor-section elementor-top-section elementor-element elementor-element-5543f612 elementor-section-boxed elementor-section-height-default elementor-section-height-default\" data-id=\"5543f612\" data-element_type=\"section\" data-e-type=\"section\">\n\t\t\t\t\t\t<div class=\"elementor-container elementor-column-gap-default\">\n\t\t\t\t\t<div class=\"elementor-column elementor-col-50 elementor-top-column elementor-element elementor-element-4299b154\" data-id=\"4299b154\" data-element_type=\"column\" data-e-type=\"column\">\n\t\t\t<div class=\"elementor-widget-wrap elementor-element-populated\">\n\t\t\t\t\t\t<div class=\"elementor-element elementor-element-55463edf elementor-widget elementor-widget-heading\" data-id=\"55463edf\" data-element_type=\"widget\" data-e-type=\"widget\" data-widget_type=\"heading.default\">\n\t\t\t\t<div class=\"elementor-widget-container\">\n\t\t\t\t\t<h2 class=\"elementor-heading-title elementor-size-default\">\u00bfEn qu\u00e9 consiste la medicina deportiva?<\/h2>\t\t\t\t<\/div>\n\t\t\t\t<\/div>\n\t\t\t\t<div class=\"elementor-element elementor-element-60375fce elementor-widget elementor-widget-text-editor\" data-id=\"60375fce\" data-element_type=\"widget\" data-e-type=\"widget\" data-widget_type=\"text-editor.default\">\n\t\t\t\t<div class=\"elementor-widget-container\">\n\t\t\t\t\t\t\t\t\t<div id=\"contentsContainer\" class=\"style-scope qowt-page\"><div id=\"contents\" class=\"style-scope qowt-page\"><p id=\"E577\" class=\"x-scope qowt-word-para-0 x-scope qowt-word-para-0\"><span id=\"E578\">Todo deportista debe tener un buen m\u00e9dico que conozca todo su historial y su evoluci\u00f3n a trav\u00e9s de los a\u00f1os. Este especialista trabaja en colaboraci\u00f3n con <\/span>numerosas especialidades, entre las cuales est\u00e1 la fisioterapia, encarg\u00e1ndose de prevenir o <span id=\"E580\">aliviar lesiones osteoarticulares<\/span><span id=\"E581\"> que comprometan el rendimiento.<\/span><\/p><\/div><\/div><div id=\"contentsContainer\" class=\"style-scope qowt-page\"><div id=\"contents\" class=\"style-scope qowt-page\"><p id=\"E582\" class=\"x-scope qowt-word-para-0\"><span id=\"E583\">En este caso, los objetivos son:<\/span><\/p><ul><li id=\"E584\" class=\"qowt-li-2_0 qowt-list qowt-stl-Paragrafoelenco x-scope qowt-word-para-0\"><span id=\"E585\">Disminuir y neutralizar los factores de riesgo.<\/span><\/li><li id=\"E586\" class=\"qowt-li-2_0 qowt-list qowt-stl-Paragrafoelenco x-scope qowt-word-para-0\"><span id=\"E587\">Favorecer el proceso de adaptaci\u00f3n del cuerpo al entrenamiento.<\/span><\/li><li id=\"E588\" class=\"qowt-li-2_0 qowt-list qowt-stl-Paragrafoelenco x-scope qowt-word-para-0\"><span id=\"E589\">Agilizar el proceso de recuperaci\u00f3n luego de sufrir lesiones.<\/span><\/li><li id=\"E590\" class=\"qowt-li-2_0 qowt-list qowt-stl-Paragrafoelenco x-scope qowt-word-para-0\"><span id=\"E591\">Mejorar el entrenamiento y la calidad de vida.<\/span><\/li><\/ul><\/div><\/div>\t\t\t\t\t\t\t\t<\/div>\n\t\t\t\t<\/div>\n\t\t\t\t\t<\/div>\n\t\t<\/div>\n\t\t\t\t<div class=\"elementor-column elementor-col-50 elementor-top-column elementor-element elementor-element-65512d14 elementor-hidden-phone\" data-id=\"65512d14\" data-element_type=\"column\" data-e-type=\"column\">\n\t\t\t<div class=\"elementor-widget-wrap elementor-element-populated\">\n\t\t\t\t\t\t<div class=\"elementor-element elementor-element-447e8a07 elementor-widget elementor-widget-image\" data-id=\"447e8a07\" data-element_type=\"widget\" data-e-type=\"widget\" data-widget_type=\"image.default\">\n\t\t\t\t<div class=\"elementor-widget-container\">\n\t\t\t\t\t\t\t\t\t\t\t\t\t\t\t<img fetchpriority=\"high\" decoding=\"async\" width=\"683\" height=\"1024\" src=\"https:\/\/fisioterapiaenplaya.com\/wp-content\/uploads\/2021\/06\/jason-manual-resized-683x1024.jpg\" class=\"attachment-large size-large wp-image-2450\" alt=\"\" srcset=\"https:\/\/fisioterapiaenplaya.com\/wp-content\/uploads\/2021\/06\/jason-manual-resized-683x1024.jpg 683w, https:\/\/fisioterapiaenplaya.com\/wp-content\/uploads\/2021\/06\/jason-manual-resized-200x300.jpg 200w, https:\/\/fisioterapiaenplaya.com\/wp-content\/uploads\/2021\/06\/jason-manual-resized-768x1152.jpg 768w, https:\/\/fisioterapiaenplaya.com\/wp-content\/uploads\/2021\/06\/jason-manual-resized.jpg 1000w\" sizes=\"(max-width: 683px) 100vw, 683px\" \/>\t\t\t\t\t\t\t\t\t\t\t\t\t\t\t<\/div>\n\t\t\t\t<\/div>\n\t\t\t\t\t<\/div>\n\t\t<\/div>\n\t\t\t\t\t<\/div>\n\t\t<\/section>\n\t\t\t\t<\/div>\n\t\t","protected":false},"excerpt":{"rendered":"<p>Medicina Deportiva Es una parte de la medicina que se ocupa espec\u00edficamente de estudiar cu\u00e1les son los efectos que la actividad f\u00edsica [&hellip;]<\/p>\n","protected":false},"author":7,"featured_media":0,"parent":2660,"menu_order":0,"comment_status":"closed","ping_status":"closed","template":"","meta":{"footnotes":""},"class_list":["post-2445","page","type-page","status-publish","hentry"],"acf":[],"yoast_head":"<!-- This site is optimized with the Yoast SEO plugin v27.1.1 - https:\/\/yoast.com\/product\/yoast-seo-wordpress\/ -->\n<title>Medicina Deportiva - Fisio Playa<\/title>\n<meta name=\"robots\" content=\"index, follow, max-snippet:-1, max-image-preview:large, max-video-preview:-1\" \/>\n<link rel=\"canonical\" href=\"https:\/\/fisioterapiaenplaya.com\/es\/servicios-old\/medicina-deportiva\/\" \/>\n<meta property=\"og:locale\" content=\"es_MX\" \/>\n<meta property=\"og:type\" content=\"article\" \/>\n<meta property=\"og:title\" content=\"Medicina Deportiva - Fisio Playa\" \/>\n<meta property=\"og:description\" content=\"Medicina Deportiva Es una parte de la medicina que se ocupa espec\u00edficamente de estudiar cu\u00e1les son los efectos que la actividad f\u00edsica [&hellip;]\" \/>\n<meta property=\"og:url\" content=\"https:\/\/fisioterapiaenplaya.com\/es\/servicios-old\/medicina-deportiva\/\" \/>\n<meta property=\"og:site_name\" content=\"Fisio Playa\" \/>\n<meta property=\"article:modified_time\" content=\"2021-06-30T17:16:45+00:00\" \/>\n<meta property=\"og:image\" content=\"https:\/\/staging.fisioterapiaenplaya.com\/wp-content\/uploads\/2021\/06\/jason-manual-resized-683x1024.jpg\" \/>\n<meta name=\"twitter:card\" content=\"summary_large_image\" \/>\n<meta name=\"twitter:label1\" content=\"Tiempo de lectura\" \/>\n\t<meta name=\"twitter:data1\" content=\"1 minuto\" \/>\n<script type=\"application\/ld+json\" class=\"yoast-schema-graph\">{\"@context\":\"https:\/\/schema.org\",\"@graph\":[{\"@type\":\"WebPage\",\"@id\":\"https:\/\/fisioterapiaenplaya.com\/servicios-old\/medicina-deportiva\/\",\"url\":\"https:\/\/fisioterapiaenplaya.com\/servicios-old\/medicina-deportiva\/\",\"name\":\"Medicina Deportiva - Fisio Playa\",\"isPartOf\":{\"@id\":\"https:\/\/fisioterapiaenplaya.com\/#website\"},\"primaryImageOfPage\":{\"@id\":\"https:\/\/fisioterapiaenplaya.com\/servicios-old\/medicina-deportiva\/#primaryimage\"},\"image\":{\"@id\":\"https:\/\/fisioterapiaenplaya.com\/servicios-old\/medicina-deportiva\/#primaryimage\"},\"thumbnailUrl\":\"https:\/\/staging.fisioterapiaenplaya.com\/wp-content\/uploads\/2021\/06\/jason-manual-resized-683x1024.jpg\",\"datePublished\":\"2021-06-22T00:42:46+00:00\",\"dateModified\":\"2021-06-30T17:16:45+00:00\",\"breadcrumb\":{\"@id\":\"https:\/\/fisioterapiaenplaya.com\/servicios-old\/medicina-deportiva\/#breadcrumb\"},\"inLanguage\":\"es\",\"potentialAction\":[{\"@type\":\"ReadAction\",\"target\":[\"https:\/\/fisioterapiaenplaya.com\/servicios-old\/medicina-deportiva\/\"]}]},{\"@type\":\"ImageObject\",\"inLanguage\":\"es\",\"@id\":\"https:\/\/fisioterapiaenplaya.com\/servicios-old\/medicina-deportiva\/#primaryimage\",\"url\":\"https:\/\/staging.fisioterapiaenplaya.com\/wp-content\/uploads\/2021\/06\/jason-manual-resized-683x1024.jpg\",\"contentUrl\":\"https:\/\/staging.fisioterapiaenplaya.com\/wp-content\/uploads\/2021\/06\/jason-manual-resized-683x1024.jpg\"},{\"@type\":\"BreadcrumbList\",\"@id\":\"https:\/\/fisioterapiaenplaya.com\/servicios-old\/medicina-deportiva\/#breadcrumb\",\"itemListElement\":[{\"@type\":\"ListItem\",\"position\":1,\"name\":\"Home\",\"item\":\"https:\/\/fisioterapiaenplaya.com\/\"},{\"@type\":\"ListItem\",\"position\":2,\"name\":\"Servicios\",\"item\":\"https:\/\/fisioterapiaenplaya.com\/servicios-old\/\"},{\"@type\":\"ListItem\",\"position\":3,\"name\":\"Medicina Deportiva\"}]},{\"@type\":\"WebSite\",\"@id\":\"https:\/\/fisioterapiaenplaya.com\/#website\",\"url\":\"https:\/\/fisioterapiaenplaya.com\/\",\"name\":\"Fisio Playa\",\"description\":\"Lesiones deportivas, fisioterapia, medicina deportiva y terapia regenerativa\",\"potentialAction\":[{\"@type\":\"SearchAction\",\"target\":{\"@type\":\"EntryPoint\",\"urlTemplate\":\"https:\/\/fisioterapiaenplaya.com\/?s={search_term_string}\"},\"query-input\":{\"@type\":\"PropertyValueSpecification\",\"valueRequired\":true,\"valueName\":\"search_term_string\"}}],\"inLanguage\":\"es\"}]}<\/script>\n<!-- \/ Yoast SEO plugin. -->","yoast_head_json":{"title":"Medicina Deportiva - Fisio Playa","robots":{"index":"index","follow":"follow","max-snippet":"max-snippet:-1","max-image-preview":"max-image-preview:large","max-video-preview":"max-video-preview:-1"},"canonical":"https:\/\/fisioterapiaenplaya.com\/es\/servicios-old\/medicina-deportiva\/","og_locale":"es_MX","og_type":"article","og_title":"Medicina Deportiva - Fisio Playa","og_description":"Medicina Deportiva Es una parte de la medicina que se ocupa espec\u00edficamente de estudiar cu\u00e1les son los efectos que la actividad f\u00edsica [&hellip;]","og_url":"https:\/\/fisioterapiaenplaya.com\/es\/servicios-old\/medicina-deportiva\/","og_site_name":"Fisio Playa","article_modified_time":"2021-06-30T17:16:45+00:00","og_image":[{"url":"https:\/\/staging.fisioterapiaenplaya.com\/wp-content\/uploads\/2021\/06\/jason-manual-resized-683x1024.jpg","type":"","width":"","height":""}],"twitter_card":"summary_large_image","twitter_misc":{"Tiempo de lectura":"1 minuto"},"schema":{"@context":"https:\/\/schema.org","@graph":[{"@type":"WebPage","@id":"https:\/\/fisioterapiaenplaya.com\/servicios-old\/medicina-deportiva\/","url":"https:\/\/fisioterapiaenplaya.com\/servicios-old\/medicina-deportiva\/","name":"Medicina Deportiva - Fisio Playa","isPartOf":{"@id":"https:\/\/fisioterapiaenplaya.com\/#website"},"primaryImageOfPage":{"@id":"https:\/\/fisioterapiaenplaya.com\/servicios-old\/medicina-deportiva\/#primaryimage"},"image":{"@id":"https:\/\/fisioterapiaenplaya.com\/servicios-old\/medicina-deportiva\/#primaryimage"},"thumbnailUrl":"https:\/\/staging.fisioterapiaenplaya.com\/wp-content\/uploads\/2021\/06\/jason-manual-resized-683x1024.jpg","datePublished":"2021-06-22T00:42:46+00:00","dateModified":"2021-06-30T17:16:45+00:00","breadcrumb":{"@id":"https:\/\/fisioterapiaenplaya.com\/servicios-old\/medicina-deportiva\/#breadcrumb"},"inLanguage":"es","potentialAction":[{"@type":"ReadAction","target":["https:\/\/fisioterapiaenplaya.com\/servicios-old\/medicina-deportiva\/"]}]},{"@type":"ImageObject","inLanguage":"es","@id":"https:\/\/fisioterapiaenplaya.com\/servicios-old\/medicina-deportiva\/#primaryimage","url":"https:\/\/staging.fisioterapiaenplaya.com\/wp-content\/uploads\/2021\/06\/jason-manual-resized-683x1024.jpg","contentUrl":"https:\/\/staging.fisioterapiaenplaya.com\/wp-content\/uploads\/2021\/06\/jason-manual-resized-683x1024.jpg"},{"@type":"BreadcrumbList","@id":"https:\/\/fisioterapiaenplaya.com\/servicios-old\/medicina-deportiva\/#breadcrumb","itemListElement":[{"@type":"ListItem","position":1,"name":"Home","item":"https:\/\/fisioterapiaenplaya.com\/"},{"@type":"ListItem","position":2,"name":"Servicios","item":"https:\/\/fisioterapiaenplaya.com\/servicios-old\/"},{"@type":"ListItem","position":3,"name":"Medicina Deportiva"}]},{"@type":"WebSite","@id":"https:\/\/fisioterapiaenplaya.com\/#website","url":"https:\/\/fisioterapiaenplaya.com\/","name":"Fisio Playa","description":"Lesiones deportivas, fisioterapia, medicina deportiva y terapia regenerativa","potentialAction":[{"@type":"SearchAction","target":{"@type":"EntryPoint","urlTemplate":"https:\/\/fisioterapiaenplaya.com\/?s={search_term_string}"},"query-input":{"@type":"PropertyValueSpecification","valueRequired":true,"valueName":"search_term_string"}}],"inLanguage":"es"}]}},"_links":{"self":[{"href":"https:\/\/fisioterapiaenplaya.com\/es\/wp-json\/wp\/v2\/pages\/2445","targetHints":{"allow":["GET"]}}],"collection":[{"href":"https:\/\/fisioterapiaenplaya.com\/es\/wp-json\/wp\/v2\/pages"}],"about":[{"href":"https:\/\/fisioterapiaenplaya.com\/es\/wp-json\/wp\/v2\/types\/page"}],"author":[{"embeddable":true,"href":"https:\/\/fisioterapiaenplaya.com\/es\/wp-json\/wp\/v2\/users\/7"}],"replies":[{"embeddable":true,"href":"https:\/\/fisioterapiaenplaya.com\/es\/wp-json\/wp\/v2\/comments?post=2445"}],"version-history":[{"count":16,"href":"https:\/\/fisioterapiaenplaya.com\/es\/wp-json\/wp\/v2\/pages\/2445\/revisions"}],"predecessor-version":[{"id":2902,"href":"https:\/\/fisioterapiaenplaya.com\/es\/wp-json\/wp\/v2\/pages\/2445\/revisions\/2902"}],"up":[{"embeddable":true,"href":"https:\/\/fisioterapiaenplaya.com\/es\/wp-json\/wp\/v2\/pages\/2660"}],"wp:attachment":[{"href":"https:\/\/fisioterapiaenplaya.com\/es\/wp-json\/wp\/v2\/media?parent=2445"}],"curies":[{"name":"wp","href":"https:\/\/api.w.org\/{rel}","templated":true}]}}