{"id":2168,"date":"2020-09-09T18:43:33","date_gmt":"2020-09-09T18:43:33","guid":{"rendered":"http:\/\/fisioterapiaenplaya.com\/?page_id=2168"},"modified":"2021-06-30T23:11:39","modified_gmt":"2021-07-01T04:11:39","slug":"politicas-de-privacidad","status":"publish","type":"page","link":"https:\/\/fisioterapiaenplaya.com\/fr\/politicas-de-privacidad\/","title":{"rendered":"Pol\u00edticas de Privacidad"},"content":{"rendered":"\t\t<div data-elementor-type=\"wp-page\" data-elementor-id=\"2168\" class=\"elementor elementor-2168\" data-elementor-post-type=\"page\">\n\t\t\t\t\t\t<section class=\"elementor-section elementor-top-section elementor-element elementor-element-13c46a1c elementor-section-height-min-height elementor-section-boxed elementor-section-height-default elementor-section-items-middle\" data-id=\"13c46a1c\" data-element_type=\"section\" data-e-type=\"section\" data-settings=\"{&quot;background_background&quot;:&quot;classic&quot;}\">\n\t\t\t\t\t\t\t<div class=\"elementor-background-overlay\"><\/div>\n\t\t\t\t\t\t\t<div class=\"elementor-container elementor-column-gap-default\">\n\t\t\t\t\t<div class=\"elementor-column elementor-col-100 elementor-top-column elementor-element elementor-element-6e568fbb\" data-id=\"6e568fbb\" data-element_type=\"column\" data-e-type=\"column\">\n\t\t\t<div class=\"elementor-widget-wrap elementor-element-populated\">\n\t\t\t\t\t\t<div class=\"elementor-element elementor-element-3d3cece0 elementor-widget elementor-widget-heading\" data-id=\"3d3cece0\" data-element_type=\"widget\" data-e-type=\"widget\" data-widget_type=\"heading.default\">\n\t\t\t\t<div class=\"elementor-widget-container\">\n\t\t\t\t\t<h1 class=\"elementor-heading-title elementor-size-default\">Pol\u00edticas de privacidad<\/h1>\t\t\t\t<\/div>\n\t\t\t\t<\/div>\n\t\t\t\t<div class=\"elementor-element elementor-element-5705f2ba elementor-widget-divider--view-line elementor-widget elementor-widget-divider\" data-id=\"5705f2ba\" data-element_type=\"widget\" data-e-type=\"widget\" data-widget_type=\"divider.default\">\n\t\t\t\t<div class=\"elementor-widget-container\">\n\t\t\t\t\t\t\t<div class=\"elementor-divider\">\n\t\t\t<span class=\"elementor-divider-separator\">\n\t\t\t\t\t\t<\/span>\n\t\t<\/div>\n\t\t\t\t\t\t<\/div>\n\t\t\t\t<\/div>\n\t\t\t\t\t<\/div>\n\t\t<\/div>\n\t\t\t\t\t<\/div>\n\t\t<\/section>\n\t\t\t\t<section class=\"elementor-section elementor-top-section elementor-element elementor-element-262085e6 elementor-section-boxed elementor-section-height-default elementor-section-height-default\" data-id=\"262085e6\" data-element_type=\"section\" data-e-type=\"section\">\n\t\t\t\t\t\t<div class=\"elementor-container elementor-column-gap-default\">\n\t\t\t\t\t<div class=\"elementor-column elementor-col-100 elementor-top-column elementor-element elementor-element-65dcddc7\" data-id=\"65dcddc7\" data-element_type=\"column\" data-e-type=\"column\">\n\t\t\t<div class=\"elementor-widget-wrap elementor-element-populated\">\n\t\t\t\t\t\t<div class=\"elementor-element elementor-element-5967ff6e elementor-widget elementor-widget-text-editor\" data-id=\"5967ff6e\" data-element_type=\"widget\" data-e-type=\"widget\" data-widget_type=\"text-editor.default\">\n\t\t\t\t<div class=\"elementor-widget-container\">\n\t\t\t\t\t\t\t\t\tRESPONSABLE DEL TRATAMIENTO DE DATOS PERSONALES INTEGRATE MARKETINGS, S. DE R.L. DE C.V. con domicilio en Playacar Fase II, Av.10 lote 1 local 46, Playa del Carmen Quintana Roo Fraccionamiento, Playacar, 77710 Playa del Carmen, Q.R Plaza Aria Local 106, es responsable del tratamiento de sus datos personales conforme a este Aviso de Privacidad. DATOS QUE SE RECABAN Los datos personales de contacto y\/o de identificaci\u00f3n que tratar\u00e1 Investment &amp; Opportunities son nombre, edad, sexo, ocupaci\u00f3n, domicilio, correo electr\u00f3nico, tel\u00e9fono (m\u00f3vil y\/o fijo) y registro federal de contribuyentes. DATOS SENSIBLES Investment &amp; Opportunities recabar\u00e1 y tratar\u00e1 datos sensibles, relacionados con el estado de salud, antecedentes e historial cl\u00ednico e informaci\u00f3n sobre el modo de vida, necesarios o convenientes para las finalidades arriba se\u00f1alados. Los datos personales sensibles ser\u00e1n mantenidos y tratados con estricta seguridad y confidencialidad para fines relacionados con la prestaci\u00f3n de servicios de salud y conforme a este Aviso de Privacidad. FINALIDAD DEL TRATAMIENTO DE LOS DATOS PERSONALES Los Datos Personales en posesi\u00f3n de Investment &amp; Opportunities ser\u00e1n utilizados para las siguientes finalidades:\r\n\r\n<b>1) Finalidades necesarias para el mantenimiento de la relaci\u00f3n con el titular de los datos:<\/b>\r\n\r\na) Prestaci\u00f3n de servicios inmobiliarios\r\n\r\nb) Creaci\u00f3n, estudio, an\u00e1lisis, actualizaci\u00f3n y mantenimiento de base de datos\r\n\r\nc) Facturaci\u00f3n y cobranza por servicios.\r\n\r\nd) Mantenimiento de registros para seguimiento a servicios\r\n\r\n<b>\r\n2) Finalidades distintas:<\/b>\r\n\r\na) Estudios, registros, estad\u00edsticas y an\u00e1lisis de base de datos\r\n\r\nb) Mantenimiento de registros para prestaci\u00f3n de servicios en el futuro. An\u00e1lisis estad\u00edsticos y de mercado.\r\n\r\nc) Promoci\u00f3n y mercadeo de productos y servicios de Investment &amp; Opportunities u otras empresas pertenecientes al mismo grupo corporativo. En caso de que los titulares no deseen que Investment &amp; Opportunities d\u00e9 tratamiento a sus datos personales para las finalidades previstas en el inciso b) anterior, tendr\u00e1n un plazo de 5 (cinco) d\u00edas para manifestar su negativa dirigiendo una comunicaci\u00f3n al Departamento de Datos Personales de Investment &amp; Opportunities enviando un correo electr\u00f3nico a la siguiente direcci\u00f3n:\u00a0info@realestaterivieramaya.mx\r\n<h3>TRANSFERENCIA<\/h3>\r\nPara la prestaci\u00f3n de servicios inmobiliarios, actualizaci\u00f3n y mantenimiento de base de datos, Investment &amp; Opportunities puede transferir dentro y fuera del pa\u00eds, los datos personales en su posesi\u00f3n a terceros subcontratados para los fines se\u00f1alados en este Aviso de Privacidad. No ser\u00e1 necesario el consentimiento de los titulares cuando las transferencias se realicen a sociedades del mismo grupo de Investment &amp; Opportunities o cuando dicha transferencia sea necesaria para prestarle un servicio o mantener actualizada la base de datos. En caso de que los titulares no deseen que Investment &amp; Opportunities transfiera sus datos personales, tendr\u00e1n un plazo de 5 (cinco) d\u00edas para manifestar su negativa dirigiendo una comunicaci\u00f3n al Departamento de Datos Personales de Investment &amp; Opportunities enviando un correo electr\u00f3nico a la siguiente direcci\u00f3n:\u00a0info@realestaterivieramaya.mx\r\n<h3>LIMITACI\u00d3N DE USO Y DIVULGACI\u00d3N DE DATOS PERSONALES<\/h3>\r\nLos titulares podr\u00e1n limitar el uso de sus datos personales, a trav\u00e9s de un correo electr\u00f3nico a\u00a0info@realestaterivieramaya.mx\u00a0o notificaci\u00f3n por escrito a, dirigida a INTEGRATE MARKETINGS, con domicilio en Playacar Fase II, Av.10 lote 1 local 46, Playa del Carmen Quintana Roo Fraccionamiento, Playacar, 77710 Playa del Carmen, Q.R Plaza Aria Local 106, de Lunes a Viernes de 9:00 a 18 hrs. en la que se se\u00f1ale la limitaci\u00f3n al uso de los datos deseada.\r\n<h3>SOLICITUD DE ACCESO, RECTIFICACI\u00d3N, CANCELACI\u00d3N U OPOSICI\u00d3N DE DATOS PERSONALES Y REVOCACI\u00d3N DEL CONSENTIMIENTO DERECHOS ARCO<\/h3>\r\nTodos los datos personales son tratados de conformidad con la legislaci\u00f3n aplicable y vigente, por ello los titulares de datos personales tienen en todo momento el derecho a acceder a los datos personales que posee Investment &amp; Opportunities y a los detalles del tratamiento de los mismos, as\u00ed como a rectificarlos en caso de ser inexactos o incompletos; cancelarlos cuando resulten ser excesivos o innecesarios para las finalidades que justificaron su obtenci\u00f3n; y oponerse a su tratamiento.\r\n<h3>MEDIOS PARA EJERCER DERECHOS ARCO (ACCESO, RECTIFICACI\u00d3N, CANCELACI\u00d3N Y OPOSICI\u00d3N)<\/h3>\r\nPara dar inicio a una Solicitud ARCO, el titular de los datos personales deber\u00e1 presentar una solicitud por escrito dirigida a nuestro Departamento de Atenci\u00f3n al Cliente en\u00a0info@realestaterivieramaya.mx\u00a0o notificaci\u00f3n por escrito a INTEGRATE MARKETINGS, con domicilio en Av. 5ta, Plaza Playa Encantada, Local 2, entre 38 y 40, Zazil Ha, 77720, Playa del Carmen, Quintana Roo, de Lunes a Viernes de 9:00 a 20 hrs. y S\u00e1bado de 9:00 a 13:00 hrs., que contenga la siguiente informaci\u00f3n: * Nombre completo del titular. * Domicilio del titular o direcci\u00f3n de correo electr\u00f3nico para comunicar respuesta a solicitud. * Documentos que acrediten identidad o autorizaci\u00f3n para representarlo en la solicitud. * Descripci\u00f3n de datos personales sobre los que se pretende ejercer alg\u00fan derecho ARCO.\r\n\r\n* Fecha de atenci\u00f3n en el cual recibi\u00f3 los servicios * Cualquier otro elemento que permita la localizaci\u00f3n de los datos personales y atenci\u00f3n a la solicitud MEDIOS PARA REVOCAR CONSENTIMIENTO En cualquier momento los titulares pueden solicitar la revocaci\u00f3n del consentimiento otorgado a Investment &amp; Opportunities para tratar sus datos personales enviando una solicitud por escrito dirigida a nuestro Departamento de Datos Personales a\u00a0info@realestaterivieramaya.mx\u00a0o enviando una notificaci\u00f3n por escrito a INTEGRATE MARKETINGS, con domicilio en Av.5ta , entre las calles 38 y 40, Colonia Zazil Ha, 77720, Playa del Carmen, Quintana Roo, de Lunes a Viernes de 9:00 a 20 hrs, en la que se detalle claramente los datos respecto de los que revoca su consentimiento.\r\n<h3>OPCIONES Y MEDIOS QUE FISIOPLAYA OFRECE PARA LIMITAR EL USO O DIVULGACI\u00d3N DE LOS DATOS PERSONALES<\/h3>\r\nLos titulares de los datos personales tienen la posibilidad de limitar el uso o divulgaci\u00f3n de sus datos personales enviando una solicitud al siguiente correo electr\u00f3nico:\u00a0info@realestaterivieramaya.mx\u00a0o una solicitud por escrito presentada en INTEGRATE MARKETINGS, con domicilio en Playacar Fase II, Av.10 lote 1 local 46, Playa del Carmen Quintana Roo Fraccionamiento, Playacar, 77710 Playa del Carmen, Q.R Plaza Aria Local 106, de Lunes a Viernes de 9:00 a 20 hrs., se\u00f1alando la limitaci\u00f3n deseada al uso de sus datos personales. MEDIDAS PARA PROTEGER LOS DATOS PERSONALES Para prevenir el acceso no autorizado a los datos personales y con el fin de asegurar que la informaci\u00f3n sea utilizada para los fines establecidos en este Aviso de Privacidad, Investment &amp; Opportunities ha establecido procedimientos f\u00edsicos, electr\u00f3nicos y administrativos para evitar el uso o la revelaci\u00f3n de los datos personales, permiti\u00e9ndole a Investment &amp; Opportunities tratarlos de forma adecuada. Estos procedimientos son evaluados y revisados constantemente por el Departamento de Datos Personales, buscando controlar el uso y divulgaci\u00f3n de los datos.\r\n<h3>INFORMACI\u00d3N OBTENIDA POR MEDIOS REMOTOS O LOCALES DE COMUNICACI\u00d3N ELECTR\u00d3NICA U \u00d3PTICA<\/h3>\r\nInvestment &amp; Opportunities recaba y almacena informaci\u00f3n a trav\u00e9s de ingreso a su sitio Web, informaci\u00f3n sobre la direcci\u00f3n IP\/nombre de dominio del visitante, sitios Web que hagan referencia a su sitio, comportamiento y el tiempo de estad\u00eda en el sitio Web, las p\u00e1ginas navegadas, herramientas utilizadas, c\u00f3digo postal, tipo de navegador y sistema operativo entre otros. Dicha informaci\u00f3n se obtiene y almacena con el fin de medir la actividad del sitio e identificar tendencias sobre navegaci\u00f3n que no son atribuibles a un individuo en espec\u00edfico. La informaci\u00f3n anteriormente se\u00f1alada se recopila a trav\u00e9s de las \u201ccookies\u201d, as\u00ed como otros medios y mecanismos tecnol\u00f3gicos, tales como las etiquetas de pixel, los web bugs, enlaces en correos electr\u00f3nicos, web beacons (etiquetas de Internet, etiquetas de pixel y clear GIFs) entre otros. La mayor\u00eda de los exploradores le permitir\u00e1n eliminar el uso de cookies, bloquear la aceptaci\u00f3n de las cookies o recibir una advertencia antes de almacenar cookies. Le sugerimos consultar las instrucciones de su explorador para utilizar las \u201ccookies\u201d.\r\n<h3>NOTIFICACI\u00d3N DE CAMBIOS AL AVISO DE PRIVACIDAD<\/h3>\r\nEl presente Aviso de Privacidad podr\u00e1 ser modificado en cualquier momento para cumplir con actualizaciones legislativas, jurisprudenciales, pol\u00edticas internas, nuevos requisitos para la prestaci\u00f3n de servicios de Investment &amp; Opportunities o cualquier otra causa a entera discreci\u00f3n de Investment &amp; Opportunities. En tal caso, las modificaciones estar\u00e1n disponibles en nuestra p\u00e1gina de Internet www.fisioterapiaenplaya.com o cualquier otro medio de comunicaci\u00f3n verbal, impreso o electr\u00f3nico que Investment &amp; Opportunities determine para tal efecto. Declaro bajo protesta de decir verdad que he le\u00eddo en su totalidad este Aviso de Privacidad y entiendo plenamente su alcance y contenido. Por medio del presente otorgo mi consentimiento para que Investment &amp; Opportunities trate mis datos personales de acuerdo a este Aviso de Privacidad. De igual forma expresamente consiento el tratamiento por Investment &amp; Opportunities de mis datos personales sensibles y la transferencia de mis datos personales. Asimismo, consiento expresamente el tratamiento de mi informaci\u00f3n (datos personales) para las \u201cFinalidades Distintas\u201d, descritas en el inciso b) de la secci\u00f3n \u201cFINALIDAD DEL TRATAMIENTO DE DATOS PERSONALES&#8221;.[\/vc_column_text][\/vc_column][\/vc_row]\t\t\t\t\t\t\t\t<\/div>\n\t\t\t\t<\/div>\n\t\t\t\t\t<\/div>\n\t\t<\/div>\n\t\t\t\t\t<\/div>\n\t\t<\/section>\n\t\t\t\t<\/div>\n\t\t","protected":false},"excerpt":{"rendered":"<p>Pol\u00edticas de privacidad RESPONSABLE DEL TRATAMIENTO DE DATOS PERSONALES INTEGRATE MARKETINGS, S. DE R.L. DE C.V. con domicilio en Playacar Fase II, [&hellip;]<\/p>\n","protected":false},"author":3,"featured_media":0,"parent":0,"menu_order":0,"comment_status":"closed","ping_status":"closed","template":"","meta":{"footnotes":""},"class_list":["post-2168","page","type-page","status-publish","hentry"],"acf":[],"yoast_head":"<!-- This site is optimized with the Yoast SEO plugin v27.1.1 - https:\/\/yoast.com\/product\/yoast-seo-wordpress\/ -->\n<title>Pol\u00edticas de Privacidad - Fisio Playa<\/title>\n<meta name=\"robots\" content=\"index, follow, max-snippet:-1, max-image-preview:large, max-video-preview:-1\" \/>\n<link rel=\"canonical\" href=\"https:\/\/fisioterapiaenplaya.com\/fr\/politicas-de-privacidad\/\" \/>\n<meta property=\"og:locale\" content=\"fr_CA\" \/>\n<meta property=\"og:type\" content=\"article\" \/>\n<meta property=\"og:title\" content=\"Pol\u00edticas de Privacidad - Fisio Playa\" \/>\n<meta property=\"og:description\" content=\"Pol\u00edticas de privacidad RESPONSABLE DEL TRATAMIENTO DE DATOS PERSONALES INTEGRATE MARKETINGS, S. DE R.L. DE C.V. con domicilio en Playacar Fase II, [&hellip;]\" \/>\n<meta property=\"og:url\" content=\"https:\/\/fisioterapiaenplaya.com\/fr\/politicas-de-privacidad\/\" \/>\n<meta property=\"og:site_name\" content=\"Fisio Playa\" \/>\n<meta property=\"article:modified_time\" content=\"2021-07-01T04:11:39+00:00\" \/>\n<meta name=\"twitter:card\" content=\"summary_large_image\" \/>\n<meta name=\"twitter:label1\" content=\"Estimation du temps de lecture\" \/>\n\t<meta name=\"twitter:data1\" content=\"7 minutes\" \/>\n<script type=\"application\/ld+json\" class=\"yoast-schema-graph\">{\"@context\":\"https:\/\/schema.org\",\"@graph\":[{\"@type\":\"WebPage\",\"@id\":\"https:\/\/fisioterapiaenplaya.com\/politicas-de-privacidad\/\",\"url\":\"https:\/\/fisioterapiaenplaya.com\/politicas-de-privacidad\/\",\"name\":\"Pol\u00edticas de Privacidad - Fisio Playa\",\"isPartOf\":{\"@id\":\"https:\/\/fisioterapiaenplaya.com\/#website\"},\"datePublished\":\"2020-09-09T18:43:33+00:00\",\"dateModified\":\"2021-07-01T04:11:39+00:00\",\"breadcrumb\":{\"@id\":\"https:\/\/fisioterapiaenplaya.com\/politicas-de-privacidad\/#breadcrumb\"},\"inLanguage\":\"fr-CA\",\"potentialAction\":[{\"@type\":\"ReadAction\",\"target\":[\"https:\/\/fisioterapiaenplaya.com\/politicas-de-privacidad\/\"]}]},{\"@type\":\"BreadcrumbList\",\"@id\":\"https:\/\/fisioterapiaenplaya.com\/politicas-de-privacidad\/#breadcrumb\",\"itemListElement\":[{\"@type\":\"ListItem\",\"position\":1,\"name\":\"Home\",\"item\":\"https:\/\/fisioterapiaenplaya.com\/\"},{\"@type\":\"ListItem\",\"position\":2,\"name\":\"Pol\u00edticas de Privacidad\"}]},{\"@type\":\"WebSite\",\"@id\":\"https:\/\/fisioterapiaenplaya.com\/#website\",\"url\":\"https:\/\/fisioterapiaenplaya.com\/\",\"name\":\"Fisio Playa\",\"description\":\"Lesiones deportivas, fisioterapia, medicina deportiva y terapia regenerativa\",\"potentialAction\":[{\"@type\":\"SearchAction\",\"target\":{\"@type\":\"EntryPoint\",\"urlTemplate\":\"https:\/\/fisioterapiaenplaya.com\/?s={search_term_string}\"},\"query-input\":{\"@type\":\"PropertyValueSpecification\",\"valueRequired\":true,\"valueName\":\"search_term_string\"}}],\"inLanguage\":\"fr-CA\"}]}<\/script>\n<!-- \/ Yoast SEO plugin. -->","yoast_head_json":{"title":"Pol\u00edticas de Privacidad - Fisio Playa","robots":{"index":"index","follow":"follow","max-snippet":"max-snippet:-1","max-image-preview":"max-image-preview:large","max-video-preview":"max-video-preview:-1"},"canonical":"https:\/\/fisioterapiaenplaya.com\/fr\/politicas-de-privacidad\/","og_locale":"fr_CA","og_type":"article","og_title":"Pol\u00edticas de Privacidad - Fisio Playa","og_description":"Pol\u00edticas de privacidad RESPONSABLE DEL TRATAMIENTO DE DATOS PERSONALES INTEGRATE MARKETINGS, S. DE R.L. DE C.V. con domicilio en Playacar Fase II, [&hellip;]","og_url":"https:\/\/fisioterapiaenplaya.com\/fr\/politicas-de-privacidad\/","og_site_name":"Fisio Playa","article_modified_time":"2021-07-01T04:11:39+00:00","twitter_card":"summary_large_image","twitter_misc":{"Estimation du temps de lecture":"7 minutes"},"schema":{"@context":"https:\/\/schema.org","@graph":[{"@type":"WebPage","@id":"https:\/\/fisioterapiaenplaya.com\/politicas-de-privacidad\/","url":"https:\/\/fisioterapiaenplaya.com\/politicas-de-privacidad\/","name":"Pol\u00edticas de Privacidad - Fisio Playa","isPartOf":{"@id":"https:\/\/fisioterapiaenplaya.com\/#website"},"datePublished":"2020-09-09T18:43:33+00:00","dateModified":"2021-07-01T04:11:39+00:00","breadcrumb":{"@id":"https:\/\/fisioterapiaenplaya.com\/politicas-de-privacidad\/#breadcrumb"},"inLanguage":"fr-CA","potentialAction":[{"@type":"ReadAction","target":["https:\/\/fisioterapiaenplaya.com\/politicas-de-privacidad\/"]}]},{"@type":"BreadcrumbList","@id":"https:\/\/fisioterapiaenplaya.com\/politicas-de-privacidad\/#breadcrumb","itemListElement":[{"@type":"ListItem","position":1,"name":"Home","item":"https:\/\/fisioterapiaenplaya.com\/"},{"@type":"ListItem","position":2,"name":"Pol\u00edticas de Privacidad"}]},{"@type":"WebSite","@id":"https:\/\/fisioterapiaenplaya.com\/#website","url":"https:\/\/fisioterapiaenplaya.com\/","name":"Fisio Playa","description":"Lesiones deportivas, fisioterapia, medicina deportiva y terapia regenerativa","potentialAction":[{"@type":"SearchAction","target":{"@type":"EntryPoint","urlTemplate":"https:\/\/fisioterapiaenplaya.com\/?s={search_term_string}"},"query-input":{"@type":"PropertyValueSpecification","valueRequired":true,"valueName":"search_term_string"}}],"inLanguage":"fr-CA"}]}},"_links":{"self":[{"href":"https:\/\/fisioterapiaenplaya.com\/fr\/wp-json\/wp\/v2\/pages\/2168","targetHints":{"allow":["GET"]}}],"collection":[{"href":"https:\/\/fisioterapiaenplaya.com\/fr\/wp-json\/wp\/v2\/pages"}],"about":[{"href":"https:\/\/fisioterapiaenplaya.com\/fr\/wp-json\/wp\/v2\/types\/page"}],"author":[{"embeddable":true,"href":"https:\/\/fisioterapiaenplaya.com\/fr\/wp-json\/wp\/v2\/users\/3"}],"replies":[{"embeddable":true,"href":"https:\/\/fisioterapiaenplaya.com\/fr\/wp-json\/wp\/v2\/comments?post=2168"}],"version-history":[{"count":6,"href":"https:\/\/fisioterapiaenplaya.com\/fr\/wp-json\/wp\/v2\/pages\/2168\/revisions"}],"predecessor-version":[{"id":3001,"href":"https:\/\/fisioterapiaenplaya.com\/fr\/wp-json\/wp\/v2\/pages\/2168\/revisions\/3001"}],"wp:attachment":[{"href":"https:\/\/fisioterapiaenplaya.com\/fr\/wp-json\/wp\/v2\/media?parent=2168"}],"curies":[{"name":"wp","href":"https:\/\/api.w.org\/{rel}","templated":true}]}}