{"id":2424,"date":"2021-06-21T17:22:47","date_gmt":"2021-06-21T22:22:47","guid":{"rendered":"https:\/\/staging.fisioterapiaenplaya.com\/?page_id=2424"},"modified":"2021-06-30T12:30:12","modified_gmt":"2021-06-30T17:30:12","slug":"traumatologia","status":"publish","type":"page","link":"https:\/\/fisioterapiaenplaya.com\/it\/servicios-old\/traumatologia\/","title":{"rendered":"Traumatologia"},"content":{"rendered":"<div data-elementor-type=\"wp-page\" data-elementor-id=\"2424\" class=\"elementor elementor-2424\" data-elementor-post-type=\"page\">\n\t\t\t\t\t\t<section class=\"elementor-section elementor-top-section elementor-element elementor-element-6166bdd8 elementor-section-height-min-height elementor-section-boxed elementor-section-height-default elementor-section-items-middle\" data-id=\"6166bdd8\" data-element_type=\"section\" data-e-type=\"section\" data-settings=\"{&quot;background_background&quot;:&quot;classic&quot;}\">\n\t\t\t\t\t\t\t<div class=\"elementor-background-overlay\"><\/div>\n\t\t\t\t\t\t\t<div class=\"elementor-container elementor-column-gap-default\">\n\t\t\t\t\t<div class=\"elementor-column elementor-col-100 elementor-top-column elementor-element elementor-element-2ec7d02c\" data-id=\"2ec7d02c\" data-element_type=\"column\" data-e-type=\"column\">\n\t\t\t<div class=\"elementor-widget-wrap elementor-element-populated\">\n\t\t\t\t\t\t<div class=\"elementor-element elementor-element-6379783f elementor-widget elementor-widget-heading\" data-id=\"6379783f\" data-element_type=\"widget\" data-e-type=\"widget\" data-widget_type=\"heading.default\">\n\t\t\t\t<div class=\"elementor-widget-container\">\n\t\t\t\t\t<h1 class=\"elementor-heading-title elementor-size-default\">Traumatologia<\/h1>\t\t\t\t<\/div>\n\t\t\t\t<\/div>\n\t\t\t\t<div class=\"elementor-element elementor-element-20be5296 elementor-widget-divider--view-line elementor-widget elementor-widget-divider\" data-id=\"20be5296\" data-element_type=\"widget\" data-e-type=\"widget\" data-widget_type=\"divider.default\">\n\t\t\t\t<div class=\"elementor-widget-container\">\n\t\t\t\t\t\t\t<div class=\"elementor-divider\">\n\t\t\t<span class=\"elementor-divider-separator\">\n\t\t\t\t\t\t<\/span>\n\t\t<\/div>\n\t\t\t\t\t\t<\/div>\n\t\t\t\t<\/div>\n\t\t\t\t<div class=\"elementor-element elementor-element-59ecc552 elementor-widget__width-initial elementor-widget-tablet__width-inherit elementor-widget elementor-widget-text-editor\" data-id=\"59ecc552\" data-element_type=\"widget\" data-e-type=\"widget\" data-widget_type=\"text-editor.default\">\n\t\t\t\t<div class=\"elementor-widget-container\">\n\t\t\t\t\t\t\t\t\t<p data-pm-slice=\"1 1 [\">Como su nombre lo indica, la traumatolog\u00eda es la parte de la medicina que se encarga del estudio y tratamiento de lesiones traum\u00e1ticas en el cuerpo. Esto puede incluir huesos, tendones, articulaciones y m\u00fasculos.<\/p>\t\t\t\t\t\t\t\t<\/div>\n\t\t\t\t<\/div>\n\t\t\t\t\t<\/div>\n\t\t<\/div>\n\t\t\t\t\t<\/div>\n\t\t<\/section>\n\t\t\t\t<section class=\"elementor-section elementor-top-section elementor-element elementor-element-3557dac3 elementor-section-boxed elementor-section-height-default elementor-section-height-default\" data-id=\"3557dac3\" data-element_type=\"section\" data-e-type=\"section\">\n\t\t\t\t\t\t<div class=\"elementor-container elementor-column-gap-default\">\n\t\t\t\t\t<div class=\"elementor-column elementor-col-50 elementor-top-column elementor-element elementor-element-26e07162\" data-id=\"26e07162\" data-element_type=\"column\" data-e-type=\"column\">\n\t\t\t<div class=\"elementor-widget-wrap elementor-element-populated\">\n\t\t\t\t\t\t<div class=\"elementor-element elementor-element-4fc29725 elementor-widget elementor-widget-heading\" data-id=\"4fc29725\" data-element_type=\"widget\" data-e-type=\"widget\" data-widget_type=\"heading.default\">\n\t\t\t\t<div class=\"elementor-widget-container\">\n\t\t\t\t\t<h2 class=\"elementor-heading-title elementor-size-default\">\u00bfEn qu\u00e9 consiste la traumatolog\u00eda?<\/h2>\t\t\t\t<\/div>\n\t\t\t\t<\/div>\n\t\t\t\t<div class=\"elementor-element elementor-element-20d74826 elementor-widget elementor-widget-text-editor\" data-id=\"20d74826\" data-element_type=\"widget\" data-e-type=\"widget\" data-widget_type=\"text-editor.default\">\n\t\t\t\t<div class=\"elementor-widget-container\">\n\t\t\t\t\t\t\t\t\t<p>Como su nombre lo indica, la traumatolog\u00eda es la parte de la medicina que se encarga del estudio y tratamiento de lesiones traum\u00e1ticas en el cuerpo. Esto puede incluir huesos, tendones, articulaciones y m\u00fasculos.<\/p><p>Los traumatismos pueden ocurrir por diferentes razones, ya sean lesiones que hayan ocurrido a lo largo de la vida o que sean consecuencia de condiciones cong\u00e9nitas. Por esa raz\u00f3n es importante acudir a un especialista al notar que algo anda mal, sin importar que no se hayan recibido golpes recientemente.<\/p><p>Nuestros servicios de <strong>fisioterapia a Playa del Carmen<\/strong> pueden tratar las siguientes enfermedades traumatol\u00f3gicas:<\/p><ul><li><span id=\"E554\">Dolor cr\u00f3nico en el sistema muscular<\/span><\/li><li id=\"E555\" class=\"qowt-li-3_0 qowt-list qowt-stl-Paragrafoelenco x-scope qowt-word-para-0\"><span id=\"E556\">Luxaciones.<\/span><\/li><li id=\"E557\" class=\"qowt-li-3_0 qowt-list qowt-stl-Paragrafoelenco x-scope qowt-word-para-0\"><span id=\"E558\">Dolores articulares.<\/span><\/li><li id=\"E559\" class=\"qowt-li-3_0 qowt-list qowt-stl-Paragrafoelenco x-scope qowt-word-para-0\"><span id=\"E560\">Fracturas.<\/span><\/li><li id=\"E561\" class=\"qowt-li-3_0 qowt-list qowt-stl-Paragrafoelenco x-scope qowt-word-para-0\"><span id=\"E562\">Perturbaciones ortop\u00e9dicas (por ejemplo, deformaciones de la columna).<\/span><\/li><li id=\"E563\" class=\"qowt-li-3_0 qowt-list qowt-stl-Paragrafoelenco x-scope qowt-word-para-0\"><span id=\"E564\">Lumbalgia.<\/span><\/li><li id=\"E565\" class=\"qowt-li-3_0 qowt-list qowt-stl-Paragrafoelenco x-scope qowt-word-para-0\"><span id=\"E566\">Dolores en las rodillas.<\/span><\/li><li id=\"E567\" class=\"qowt-li-3_0 qowt-list qowt-stl-Paragrafoelenco x-scope qowt-word-para-0\"><span id=\"E568\">Contracturas.<\/span><\/li><li id=\"E569\" class=\"qowt-li-3_0 qowt-list qowt-stl-Paragrafoelenco x-scope qowt-word-para-0\"><span id=\"E570\">Esguinces.<\/span><\/li><\/ul>\t\t\t\t\t\t\t\t<\/div>\n\t\t\t\t<\/div>\n\t\t\t\t\t<\/div>\n\t\t<\/div>\n\t\t\t\t<div class=\"elementor-column elementor-col-50 elementor-top-column elementor-element elementor-element-1406efac elementor-hidden-phone\" data-id=\"1406efac\" data-element_type=\"column\" data-e-type=\"column\">\n\t\t\t<div class=\"elementor-widget-wrap elementor-element-populated\">\n\t\t\t\t\t\t<div class=\"elementor-element elementor-element-c7f370e elementor-widget elementor-widget-image\" data-id=\"c7f370e\" data-element_type=\"widget\" data-e-type=\"widget\" data-widget_type=\"image.default\">\n\t\t\t\t<div class=\"elementor-widget-container\">\n\t\t\t\t\t\t\t\t\t\t\t\t\t\t\t<img fetchpriority=\"high\" decoding=\"async\" width=\"742\" height=\"1024\" src=\"https:\/\/fisioterapiaenplaya.com\/wp-content\/uploads\/2021\/06\/2-2-min-742x1024.png\" class=\"attachment-large size-large wp-image-2431\" alt=\"\" srcset=\"https:\/\/fisioterapiaenplaya.com\/wp-content\/uploads\/2021\/06\/2-2-min-742x1024.png 742w, https:\/\/fisioterapiaenplaya.com\/wp-content\/uploads\/2021\/06\/2-2-min-217x300.png 217w, https:\/\/fisioterapiaenplaya.com\/wp-content\/uploads\/2021\/06\/2-2-min-768x1060.png 768w, https:\/\/fisioterapiaenplaya.com\/wp-content\/uploads\/2021\/06\/2-2-min-1113x1536.png 1113w, https:\/\/fisioterapiaenplaya.com\/wp-content\/uploads\/2021\/06\/2-2-min.png 1448w\" sizes=\"(max-width: 742px) 100vw, 742px\" \/>\t\t\t\t\t\t\t\t\t\t\t\t\t\t\t<\/div>\n\t\t\t\t<\/div>\n\t\t\t\t\t<\/div>\n\t\t<\/div>\n\t\t\t\t\t<\/div>\n\t\t<\/section>\n\t\t\t\t<\/div>","protected":false},"excerpt":{"rendered":"<p>Traumatolog\u00eda Como su nombre lo indica, la traumatolog\u00eda es la parte de la medicina que se encarga del estudio y tratamiento de [&hellip;]<\/p>\n","protected":false},"author":7,"featured_media":0,"parent":2660,"menu_order":0,"comment_status":"closed","ping_status":"closed","template":"","meta":{"footnotes":""},"class_list":["post-2424","page","type-page","status-publish","hentry"],"acf":[],"yoast_head":"<!-- This site is optimized with the Yoast SEO plugin v27.1.1 - https:\/\/yoast.com\/product\/yoast-seo-wordpress\/ -->\n<title>Traumatolog\u00eda en Playa del Carmen - Fisio Playa<\/title>\n<meta name=\"description\" content=\"Traumatolog\u00eda, traumatologo en Playa del Carmen. Nuestros servicios de fisioterapia te ayudar\u00e1 con Dolor cr\u00f3nico, Luxaciones, Dolores articulares, Fracturas, etc\" \/>\n<meta name=\"robots\" content=\"index, follow, max-snippet:-1, max-image-preview:large, max-video-preview:-1\" \/>\n<link rel=\"canonical\" href=\"https:\/\/fisioterapiaenplaya.com\/it\/servicios-old\/traumatologia\/\" \/>\n<meta property=\"og:locale\" content=\"it_IT\" \/>\n<meta property=\"og:type\" content=\"article\" \/>\n<meta property=\"og:title\" content=\"Traumatolog\u00eda en Playa del Carmen - Fisio Playa\" \/>\n<meta property=\"og:description\" content=\"Traumatolog\u00eda, traumatologo en Playa del Carmen. Nuestros servicios de fisioterapia te ayudar\u00e1 con Dolor cr\u00f3nico, Luxaciones, Dolores articulares, Fracturas, etc\" \/>\n<meta property=\"og:url\" content=\"https:\/\/fisioterapiaenplaya.com\/it\/servicios-old\/traumatologia\/\" \/>\n<meta property=\"og:site_name\" content=\"Fisio Playa\" \/>\n<meta property=\"article:modified_time\" content=\"2021-06-30T17:30:12+00:00\" \/>\n<meta property=\"og:image\" content=\"https:\/\/staging.fisioterapiaenplaya.com\/wp-content\/uploads\/2021\/06\/2-2-min-742x1024.png\" \/>\n<meta name=\"twitter:card\" content=\"summary_large_image\" \/>\n<meta name=\"twitter:label1\" content=\"Tempo di lettura stimato\" \/>\n\t<meta name=\"twitter:data1\" content=\"1 minuto\" \/>\n<script type=\"application\/ld+json\" class=\"yoast-schema-graph\">{\"@context\":\"https:\/\/schema.org\",\"@graph\":[{\"@type\":\"WebPage\",\"@id\":\"https:\/\/fisioterapiaenplaya.com\/servicios-old\/traumatologia\/\",\"url\":\"https:\/\/fisioterapiaenplaya.com\/servicios-old\/traumatologia\/\",\"name\":\"Traumatolog\u00eda en Playa del Carmen - Fisio Playa\",\"isPartOf\":{\"@id\":\"https:\/\/fisioterapiaenplaya.com\/#website\"},\"primaryImageOfPage\":{\"@id\":\"https:\/\/fisioterapiaenplaya.com\/servicios-old\/traumatologia\/#primaryimage\"},\"image\":{\"@id\":\"https:\/\/fisioterapiaenplaya.com\/servicios-old\/traumatologia\/#primaryimage\"},\"thumbnailUrl\":\"https:\/\/staging.fisioterapiaenplaya.com\/wp-content\/uploads\/2021\/06\/2-2-min-742x1024.png\",\"datePublished\":\"2021-06-21T22:22:47+00:00\",\"dateModified\":\"2021-06-30T17:30:12+00:00\",\"description\":\"Traumatolog\u00eda, traumatologo en Playa del Carmen. Nuestros servicios de fisioterapia te ayudar\u00e1 con Dolor cr\u00f3nico, Luxaciones, Dolores articulares, Fracturas, etc\",\"breadcrumb\":{\"@id\":\"https:\/\/fisioterapiaenplaya.com\/servicios-old\/traumatologia\/#breadcrumb\"},\"inLanguage\":\"it-IT\",\"potentialAction\":[{\"@type\":\"ReadAction\",\"target\":[\"https:\/\/fisioterapiaenplaya.com\/servicios-old\/traumatologia\/\"]}]},{\"@type\":\"ImageObject\",\"inLanguage\":\"it-IT\",\"@id\":\"https:\/\/fisioterapiaenplaya.com\/servicios-old\/traumatologia\/#primaryimage\",\"url\":\"https:\/\/staging.fisioterapiaenplaya.com\/wp-content\/uploads\/2021\/06\/2-2-min-742x1024.png\",\"contentUrl\":\"https:\/\/staging.fisioterapiaenplaya.com\/wp-content\/uploads\/2021\/06\/2-2-min-742x1024.png\"},{\"@type\":\"BreadcrumbList\",\"@id\":\"https:\/\/fisioterapiaenplaya.com\/servicios-old\/traumatologia\/#breadcrumb\",\"itemListElement\":[{\"@type\":\"ListItem\",\"position\":1,\"name\":\"Home\",\"item\":\"https:\/\/fisioterapiaenplaya.com\/\"},{\"@type\":\"ListItem\",\"position\":2,\"name\":\"Servicios\",\"item\":\"https:\/\/fisioterapiaenplaya.com\/servicios-old\/\"},{\"@type\":\"ListItem\",\"position\":3,\"name\":\"Traumatolog\u00eda\"}]},{\"@type\":\"WebSite\",\"@id\":\"https:\/\/fisioterapiaenplaya.com\/#website\",\"url\":\"https:\/\/fisioterapiaenplaya.com\/\",\"name\":\"Fisio Playa\",\"description\":\"Lesiones deportivas, fisioterapia, medicina deportiva y terapia regenerativa\",\"potentialAction\":[{\"@type\":\"SearchAction\",\"target\":{\"@type\":\"EntryPoint\",\"urlTemplate\":\"https:\/\/fisioterapiaenplaya.com\/?s={search_term_string}\"},\"query-input\":{\"@type\":\"PropertyValueSpecification\",\"valueRequired\":true,\"valueName\":\"search_term_string\"}}],\"inLanguage\":\"it-IT\"}]}<\/script>\n<!-- \/ Yoast SEO plugin. -->","yoast_head_json":{"title":"Traumatolog\u00eda en Playa del Carmen - Fisio Playa","description":"Traumatolog\u00eda, traumatologo en Playa del Carmen. Nuestros servicios de fisioterapia te ayudar\u00e1 con Dolor cr\u00f3nico, Luxaciones, Dolores articulares, Fracturas, etc","robots":{"index":"index","follow":"follow","max-snippet":"max-snippet:-1","max-image-preview":"max-image-preview:large","max-video-preview":"max-video-preview:-1"},"canonical":"https:\/\/fisioterapiaenplaya.com\/it\/servicios-old\/traumatologia\/","og_locale":"it_IT","og_type":"article","og_title":"Traumatolog\u00eda en Playa del Carmen - Fisio Playa","og_description":"Traumatolog\u00eda, traumatologo en Playa del Carmen. Nuestros servicios de fisioterapia te ayudar\u00e1 con Dolor cr\u00f3nico, Luxaciones, Dolores articulares, Fracturas, etc","og_url":"https:\/\/fisioterapiaenplaya.com\/it\/servicios-old\/traumatologia\/","og_site_name":"Fisio Playa","article_modified_time":"2021-06-30T17:30:12+00:00","og_image":[{"url":"https:\/\/staging.fisioterapiaenplaya.com\/wp-content\/uploads\/2021\/06\/2-2-min-742x1024.png","type":"","width":"","height":""}],"twitter_card":"summary_large_image","twitter_misc":{"Tempo di lettura stimato":"1 minuto"},"schema":{"@context":"https:\/\/schema.org","@graph":[{"@type":"WebPage","@id":"https:\/\/fisioterapiaenplaya.com\/servicios-old\/traumatologia\/","url":"https:\/\/fisioterapiaenplaya.com\/servicios-old\/traumatologia\/","name":"Traumatolog\u00eda en Playa del Carmen - Fisio Playa","isPartOf":{"@id":"https:\/\/fisioterapiaenplaya.com\/#website"},"primaryImageOfPage":{"@id":"https:\/\/fisioterapiaenplaya.com\/servicios-old\/traumatologia\/#primaryimage"},"image":{"@id":"https:\/\/fisioterapiaenplaya.com\/servicios-old\/traumatologia\/#primaryimage"},"thumbnailUrl":"https:\/\/staging.fisioterapiaenplaya.com\/wp-content\/uploads\/2021\/06\/2-2-min-742x1024.png","datePublished":"2021-06-21T22:22:47+00:00","dateModified":"2021-06-30T17:30:12+00:00","description":"Traumatolog\u00eda, traumatologo en Playa del Carmen. Nuestros servicios de fisioterapia te ayudar\u00e1 con Dolor cr\u00f3nico, Luxaciones, Dolores articulares, Fracturas, etc","breadcrumb":{"@id":"https:\/\/fisioterapiaenplaya.com\/servicios-old\/traumatologia\/#breadcrumb"},"inLanguage":"it-IT","potentialAction":[{"@type":"ReadAction","target":["https:\/\/fisioterapiaenplaya.com\/servicios-old\/traumatologia\/"]}]},{"@type":"ImageObject","inLanguage":"it-IT","@id":"https:\/\/fisioterapiaenplaya.com\/servicios-old\/traumatologia\/#primaryimage","url":"https:\/\/staging.fisioterapiaenplaya.com\/wp-content\/uploads\/2021\/06\/2-2-min-742x1024.png","contentUrl":"https:\/\/staging.fisioterapiaenplaya.com\/wp-content\/uploads\/2021\/06\/2-2-min-742x1024.png"},{"@type":"BreadcrumbList","@id":"https:\/\/fisioterapiaenplaya.com\/servicios-old\/traumatologia\/#breadcrumb","itemListElement":[{"@type":"ListItem","position":1,"name":"Home","item":"https:\/\/fisioterapiaenplaya.com\/"},{"@type":"ListItem","position":2,"name":"Servicios","item":"https:\/\/fisioterapiaenplaya.com\/servicios-old\/"},{"@type":"ListItem","position":3,"name":"Traumatolog\u00eda"}]},{"@type":"WebSite","@id":"https:\/\/fisioterapiaenplaya.com\/#website","url":"https:\/\/fisioterapiaenplaya.com\/","name":"Physio Beach","description":"Lesiones deportivas, fisioterapia, medicina deportiva y terapia regenerativa","potentialAction":[{"@type":"SearchAction","target":{"@type":"EntryPoint","urlTemplate":"https:\/\/fisioterapiaenplaya.com\/?s={search_term_string}"},"query-input":{"@type":"PropertyValueSpecification","valueRequired":true,"valueName":"search_term_string"}}],"inLanguage":"it-IT"}]}},"_links":{"self":[{"href":"https:\/\/fisioterapiaenplaya.com\/it\/wp-json\/wp\/v2\/pages\/2424","targetHints":{"allow":["GET"]}}],"collection":[{"href":"https:\/\/fisioterapiaenplaya.com\/it\/wp-json\/wp\/v2\/pages"}],"about":[{"href":"https:\/\/fisioterapiaenplaya.com\/it\/wp-json\/wp\/v2\/types\/page"}],"author":[{"embeddable":true,"href":"https:\/\/fisioterapiaenplaya.com\/it\/wp-json\/wp\/v2\/users\/7"}],"replies":[{"embeddable":true,"href":"https:\/\/fisioterapiaenplaya.com\/it\/wp-json\/wp\/v2\/comments?post=2424"}],"version-history":[{"count":27,"href":"https:\/\/fisioterapiaenplaya.com\/it\/wp-json\/wp\/v2\/pages\/2424\/revisions"}],"predecessor-version":[{"id":2925,"href":"https:\/\/fisioterapiaenplaya.com\/it\/wp-json\/wp\/v2\/pages\/2424\/revisions\/2925"}],"up":[{"embeddable":true,"href":"https:\/\/fisioterapiaenplaya.com\/it\/wp-json\/wp\/v2\/pages\/2660"}],"wp:attachment":[{"href":"https:\/\/fisioterapiaenplaya.com\/it\/wp-json\/wp\/v2\/media?parent=2424"}],"curies":[{"name":"wp","href":"https:\/\/api.w.org\/{rel}","templated":true}]}}