{"id":2455,"date":"2021-06-21T19:55:38","date_gmt":"2021-06-22T00:55:38","guid":{"rendered":"https:\/\/staging.fisioterapiaenplaya.com\/?page_id=2455"},"modified":"2021-06-30T12:22:23","modified_gmt":"2021-06-30T17:22:23","slug":"reumatologia","status":"publish","type":"page","link":"https:\/\/fisioterapiaenplaya.com\/it\/servicios-old\/reumatologia\/","title":{"rendered":"Reumatologia"},"content":{"rendered":"<div data-elementor-type=\"wp-page\" data-elementor-id=\"2455\" class=\"elementor elementor-2455\" data-elementor-post-type=\"page\">\n\t\t\t\t\t\t<section class=\"elementor-section elementor-top-section elementor-element elementor-element-484ae7c elementor-section-height-min-height elementor-section-boxed elementor-section-height-default elementor-section-items-middle\" data-id=\"484ae7c\" data-element_type=\"section\" data-e-type=\"section\" data-settings=\"{&quot;background_background&quot;:&quot;classic&quot;}\">\n\t\t\t\t\t\t\t<div class=\"elementor-background-overlay\"><\/div>\n\t\t\t\t\t\t\t<div class=\"elementor-container elementor-column-gap-default\">\n\t\t\t\t\t<div class=\"elementor-column elementor-col-100 elementor-top-column elementor-element elementor-element-464adb59\" data-id=\"464adb59\" data-element_type=\"column\" data-e-type=\"column\">\n\t\t\t<div class=\"elementor-widget-wrap elementor-element-populated\">\n\t\t\t\t\t\t<div class=\"elementor-element elementor-element-6ed446c3 elementor-widget elementor-widget-heading\" data-id=\"6ed446c3\" data-element_type=\"widget\" data-e-type=\"widget\" data-widget_type=\"heading.default\">\n\t\t\t\t<div class=\"elementor-widget-container\">\n\t\t\t\t\t<h1 class=\"elementor-heading-title elementor-size-default\">Reumatologia<\/h1>\t\t\t\t<\/div>\n\t\t\t\t<\/div>\n\t\t\t\t<div class=\"elementor-element elementor-element-7f173563 elementor-widget-divider--view-line elementor-widget elementor-widget-divider\" data-id=\"7f173563\" data-element_type=\"widget\" data-e-type=\"widget\" data-widget_type=\"divider.default\">\n\t\t\t\t<div class=\"elementor-widget-container\">\n\t\t\t\t\t\t\t<div class=\"elementor-divider\">\n\t\t\t<span class=\"elementor-divider-separator\">\n\t\t\t\t\t\t<\/span>\n\t\t<\/div>\n\t\t\t\t\t\t<\/div>\n\t\t\t\t<\/div>\n\t\t\t\t<div class=\"elementor-element elementor-element-5c32462d elementor-widget__width-initial elementor-widget-tablet__width-inherit elementor-widget elementor-widget-text-editor\" data-id=\"5c32462d\" data-element_type=\"widget\" data-e-type=\"widget\" data-widget_type=\"text-editor.default\">\n\t\t\t\t<div class=\"elementor-widget-container\">\n\t\t\t\t\t\t\t\t\t<p data-pm-slice=\"1 1 [\"><span id=\"E574\"><\/span><span id=\"E576\"><span id=\"E595\">En nuestra cl\u00ednica de <\/span><strong><span id=\"E596\">fisioterapia a Playa del Carmen<\/span><\/strong><span id=\"E597\"> <\/span><span id=\"E598\">te ofrecemos los mejores servicios de fisioterapia reumatol\u00f3gica. La reumatolog\u00eda es una especialidad que se encarga principalmente de estudiar cualquier enfermedad cr\u00f3nica del aparato locomotor.<\/span><\/span><\/p>\t\t\t\t\t\t\t\t<\/div>\n\t\t\t\t<\/div>\n\t\t\t\t\t<\/div>\n\t\t<\/div>\n\t\t\t\t\t<\/div>\n\t\t<\/section>\n\t\t\t\t<section class=\"elementor-section elementor-top-section elementor-element elementor-element-6d8f5985 elementor-section-boxed elementor-section-height-default elementor-section-height-default\" data-id=\"6d8f5985\" data-element_type=\"section\" data-e-type=\"section\">\n\t\t\t\t\t\t<div class=\"elementor-container elementor-column-gap-default\">\n\t\t\t\t\t<div class=\"elementor-column elementor-col-50 elementor-top-column elementor-element elementor-element-fefe1a4\" data-id=\"fefe1a4\" data-element_type=\"column\" data-e-type=\"column\">\n\t\t\t<div class=\"elementor-widget-wrap elementor-element-populated\">\n\t\t\t\t\t\t<div class=\"elementor-element elementor-element-763ff33c elementor-widget elementor-widget-heading\" data-id=\"763ff33c\" data-element_type=\"widget\" data-e-type=\"widget\" data-widget_type=\"heading.default\">\n\t\t\t\t<div class=\"elementor-widget-container\">\n\t\t\t\t\t<h2 class=\"elementor-heading-title elementor-size-default\">\u00bfEn qu\u00e9 consiste la Reumatolog\u00eda?<\/h2>\t\t\t\t<\/div>\n\t\t\t\t<\/div>\n\t\t\t\t<div class=\"elementor-element elementor-element-3550530f elementor-widget elementor-widget-text-editor\" data-id=\"3550530f\" data-element_type=\"widget\" data-e-type=\"widget\" data-widget_type=\"text-editor.default\">\n\t\t\t\t<div class=\"elementor-widget-container\">\n\t\t\t\t\t\t\t\t\t<p id=\"E599\" class=\"x-scope qowt-word-para-0\"><span id=\"E600\">Estas son patolog\u00edas que afectan fundamentalmente los huesos, los tendones, los m\u00fasculos y las articulaciones. Existen muchos tipos, pero de manera general se manifiestan mediante inflamaciones o dolores persistentes.<\/span><\/p><p id=\"E601\" class=\"x-scope qowt-word-para-0\"><span id=\"E602\">Nuestro equipo de <\/span><span id=\"E603\">specialisti in Messico<\/span><span id=\"E604\"> aplicar\u00e1 las mejores t\u00e9cnicas de fisioterapia reumatol\u00f3gica para tratar enfermedades como:<\/span><\/p><ul><li id=\"E605\" class=\"qowt-li-4_0 qowt-list qowt-stl-Paragrafoelenco x-scope qowt-word-para-0\"><span id=\"E606\">Esclerodermia.<\/span><\/li><li id=\"E607\" class=\"qowt-li-4_0 qowt-list qowt-stl-Paragrafoelenco x-scope qowt-word-para-0\"><span id=\"E608\">Tendinitis.<\/span><\/li><li id=\"E609\" class=\"qowt-li-4_0 qowt-list qowt-stl-Paragrafoelenco x-scope qowt-word-para-0\"><span id=\"E610\">Artrosi.<\/span><\/li><li id=\"E611\" class=\"qowt-li-4_0 qowt-list qowt-stl-Paragrafoelenco x-scope qowt-word-para-0\"><span id=\"E612\">Artrite.<\/span><\/li><li id=\"E613\" class=\"x-scope qowt-li-4_0 qowt-list qowt-stl-Paragrafoelenco x-scope qowt-word-para-0\"><span id=\"E614\">Fibromialgia.<\/span><\/li><li id=\"E615\" class=\"qowt-li-4_0 qowt-list qowt-stl-Paragrafoelenco x-scope qowt-word-para-0\"><span id=\"E616\">Gota.<\/span><\/li><li id=\"E617\" class=\"qowt-li-4_0 qowt-list qowt-stl-Paragrafoelenco x-scope qowt-word-para-0\"><span id=\"E618\">Bursitis.<\/span><\/li><\/ul>\t\t\t\t\t\t\t\t<\/div>\n\t\t\t\t<\/div>\n\t\t\t\t\t<\/div>\n\t\t<\/div>\n\t\t\t\t<div class=\"elementor-column elementor-col-50 elementor-top-column elementor-element elementor-element-36667b92 elementor-hidden-phone\" data-id=\"36667b92\" data-element_type=\"column\" data-e-type=\"column\">\n\t\t\t<div class=\"elementor-widget-wrap elementor-element-populated\">\n\t\t\t\t\t\t<div class=\"elementor-element elementor-element-40c7537d elementor-widget elementor-widget-image\" data-id=\"40c7537d\" data-element_type=\"widget\" data-e-type=\"widget\" data-widget_type=\"image.default\">\n\t\t\t\t<div class=\"elementor-widget-container\">\n\t\t\t\t\t\t\t\t\t\t\t\t\t\t\t<img fetchpriority=\"high\" decoding=\"async\" width=\"720\" height=\"1024\" src=\"https:\/\/fisioterapiaenplaya.com\/wp-content\/uploads\/2021\/06\/wrist-pain-is-no-fun2-e1498870466342-768x1375-2-720x1024.jpg\" class=\"attachment-large size-large wp-image-2459\" alt=\"\" srcset=\"https:\/\/fisioterapiaenplaya.com\/wp-content\/uploads\/2021\/06\/wrist-pain-is-no-fun2-e1498870466342-768x1375-2-720x1024.jpg 720w, https:\/\/fisioterapiaenplaya.com\/wp-content\/uploads\/2021\/06\/wrist-pain-is-no-fun2-e1498870466342-768x1375-2-211x300.jpg 211w, https:\/\/fisioterapiaenplaya.com\/wp-content\/uploads\/2021\/06\/wrist-pain-is-no-fun2-e1498870466342-768x1375-2.jpg 768w\" sizes=\"(max-width: 720px) 100vw, 720px\" \/>\t\t\t\t\t\t\t\t\t\t\t\t\t\t\t<\/div>\n\t\t\t\t<\/div>\n\t\t\t\t\t<\/div>\n\t\t<\/div>\n\t\t\t\t\t<\/div>\n\t\t<\/section>\n\t\t\t\t<\/div>","protected":false},"excerpt":{"rendered":"<p>Reumatolog\u00eda En nuestra cl\u00ednica de fisioterapia en Playa del Carmen te ofrecemos los mejores servicios de fisioterapia reumatol\u00f3gica. La reumatolog\u00eda es una [&hellip;]<\/p>\n","protected":false},"author":7,"featured_media":0,"parent":2660,"menu_order":0,"comment_status":"closed","ping_status":"closed","template":"","meta":{"footnotes":""},"class_list":["post-2455","page","type-page","status-publish","hentry"],"acf":[],"yoast_head":"<!-- This site is optimized with the Yoast SEO plugin v27.1.1 - https:\/\/yoast.com\/product\/yoast-seo-wordpress\/ -->\n<title>Reumatolog\u00eda - Fisio Playa<\/title>\n<meta name=\"robots\" content=\"index, follow, max-snippet:-1, max-image-preview:large, max-video-preview:-1\" \/>\n<link rel=\"canonical\" href=\"https:\/\/fisioterapiaenplaya.com\/it\/servicios-old\/reumatologia\/\" \/>\n<meta property=\"og:locale\" content=\"it_IT\" \/>\n<meta property=\"og:type\" content=\"article\" \/>\n<meta property=\"og:title\" content=\"Reumatolog\u00eda - Fisio Playa\" \/>\n<meta property=\"og:description\" content=\"Reumatolog\u00eda En nuestra cl\u00ednica de fisioterapia en Playa del Carmen te ofrecemos los mejores servicios de fisioterapia reumatol\u00f3gica. La reumatolog\u00eda es una [&hellip;]\" \/>\n<meta property=\"og:url\" content=\"https:\/\/fisioterapiaenplaya.com\/it\/servicios-old\/reumatologia\/\" \/>\n<meta property=\"og:site_name\" content=\"Fisio Playa\" \/>\n<meta property=\"article:modified_time\" content=\"2021-06-30T17:22:23+00:00\" \/>\n<meta property=\"og:image\" content=\"https:\/\/staging.fisioterapiaenplaya.com\/wp-content\/uploads\/2021\/06\/wrist-pain-is-no-fun2-e1498870466342-768x1375-2-720x1024.jpg\" \/>\n<meta name=\"twitter:card\" content=\"summary_large_image\" \/>\n<meta name=\"twitter:label1\" content=\"Tempo di lettura stimato\" \/>\n\t<meta name=\"twitter:data1\" content=\"1 minuto\" \/>\n<script type=\"application\/ld+json\" class=\"yoast-schema-graph\">{\"@context\":\"https:\/\/schema.org\",\"@graph\":[{\"@type\":\"WebPage\",\"@id\":\"https:\/\/fisioterapiaenplaya.com\/servicios-old\/reumatologia\/\",\"url\":\"https:\/\/fisioterapiaenplaya.com\/servicios-old\/reumatologia\/\",\"name\":\"Reumatolog\u00eda - Fisio Playa\",\"isPartOf\":{\"@id\":\"https:\/\/fisioterapiaenplaya.com\/#website\"},\"primaryImageOfPage\":{\"@id\":\"https:\/\/fisioterapiaenplaya.com\/servicios-old\/reumatologia\/#primaryimage\"},\"image\":{\"@id\":\"https:\/\/fisioterapiaenplaya.com\/servicios-old\/reumatologia\/#primaryimage\"},\"thumbnailUrl\":\"https:\/\/staging.fisioterapiaenplaya.com\/wp-content\/uploads\/2021\/06\/wrist-pain-is-no-fun2-e1498870466342-768x1375-2-720x1024.jpg\",\"datePublished\":\"2021-06-22T00:55:38+00:00\",\"dateModified\":\"2021-06-30T17:22:23+00:00\",\"breadcrumb\":{\"@id\":\"https:\/\/fisioterapiaenplaya.com\/servicios-old\/reumatologia\/#breadcrumb\"},\"inLanguage\":\"it-IT\",\"potentialAction\":[{\"@type\":\"ReadAction\",\"target\":[\"https:\/\/fisioterapiaenplaya.com\/servicios-old\/reumatologia\/\"]}]},{\"@type\":\"ImageObject\",\"inLanguage\":\"it-IT\",\"@id\":\"https:\/\/fisioterapiaenplaya.com\/servicios-old\/reumatologia\/#primaryimage\",\"url\":\"https:\/\/staging.fisioterapiaenplaya.com\/wp-content\/uploads\/2021\/06\/wrist-pain-is-no-fun2-e1498870466342-768x1375-2-720x1024.jpg\",\"contentUrl\":\"https:\/\/staging.fisioterapiaenplaya.com\/wp-content\/uploads\/2021\/06\/wrist-pain-is-no-fun2-e1498870466342-768x1375-2-720x1024.jpg\"},{\"@type\":\"BreadcrumbList\",\"@id\":\"https:\/\/fisioterapiaenplaya.com\/servicios-old\/reumatologia\/#breadcrumb\",\"itemListElement\":[{\"@type\":\"ListItem\",\"position\":1,\"name\":\"Home\",\"item\":\"https:\/\/fisioterapiaenplaya.com\/\"},{\"@type\":\"ListItem\",\"position\":2,\"name\":\"Servicios\",\"item\":\"https:\/\/fisioterapiaenplaya.com\/servicios-old\/\"},{\"@type\":\"ListItem\",\"position\":3,\"name\":\"Reumatolog\u00eda\"}]},{\"@type\":\"WebSite\",\"@id\":\"https:\/\/fisioterapiaenplaya.com\/#website\",\"url\":\"https:\/\/fisioterapiaenplaya.com\/\",\"name\":\"Fisio Playa\",\"description\":\"Lesiones deportivas, fisioterapia, medicina deportiva y terapia regenerativa\",\"potentialAction\":[{\"@type\":\"SearchAction\",\"target\":{\"@type\":\"EntryPoint\",\"urlTemplate\":\"https:\/\/fisioterapiaenplaya.com\/?s={search_term_string}\"},\"query-input\":{\"@type\":\"PropertyValueSpecification\",\"valueRequired\":true,\"valueName\":\"search_term_string\"}}],\"inLanguage\":\"it-IT\"}]}<\/script>\n<!-- \/ Yoast SEO plugin. -->","yoast_head_json":{"title":"Reumatolog\u00eda - Fisio Playa","robots":{"index":"index","follow":"follow","max-snippet":"max-snippet:-1","max-image-preview":"max-image-preview:large","max-video-preview":"max-video-preview:-1"},"canonical":"https:\/\/fisioterapiaenplaya.com\/it\/servicios-old\/reumatologia\/","og_locale":"it_IT","og_type":"article","og_title":"Reumatolog\u00eda - Fisio Playa","og_description":"Reumatolog\u00eda En nuestra cl\u00ednica de fisioterapia en Playa del Carmen te ofrecemos los mejores servicios de fisioterapia reumatol\u00f3gica. La reumatolog\u00eda es una [&hellip;]","og_url":"https:\/\/fisioterapiaenplaya.com\/it\/servicios-old\/reumatologia\/","og_site_name":"Fisio Playa","article_modified_time":"2021-06-30T17:22:23+00:00","og_image":[{"url":"https:\/\/staging.fisioterapiaenplaya.com\/wp-content\/uploads\/2021\/06\/wrist-pain-is-no-fun2-e1498870466342-768x1375-2-720x1024.jpg","type":"","width":"","height":""}],"twitter_card":"summary_large_image","twitter_misc":{"Tempo di lettura stimato":"1 minuto"},"schema":{"@context":"https:\/\/schema.org","@graph":[{"@type":"WebPage","@id":"https:\/\/fisioterapiaenplaya.com\/servicios-old\/reumatologia\/","url":"https:\/\/fisioterapiaenplaya.com\/servicios-old\/reumatologia\/","name":"Reumatolog\u00eda - Fisio Playa","isPartOf":{"@id":"https:\/\/fisioterapiaenplaya.com\/#website"},"primaryImageOfPage":{"@id":"https:\/\/fisioterapiaenplaya.com\/servicios-old\/reumatologia\/#primaryimage"},"image":{"@id":"https:\/\/fisioterapiaenplaya.com\/servicios-old\/reumatologia\/#primaryimage"},"thumbnailUrl":"https:\/\/staging.fisioterapiaenplaya.com\/wp-content\/uploads\/2021\/06\/wrist-pain-is-no-fun2-e1498870466342-768x1375-2-720x1024.jpg","datePublished":"2021-06-22T00:55:38+00:00","dateModified":"2021-06-30T17:22:23+00:00","breadcrumb":{"@id":"https:\/\/fisioterapiaenplaya.com\/servicios-old\/reumatologia\/#breadcrumb"},"inLanguage":"it-IT","potentialAction":[{"@type":"ReadAction","target":["https:\/\/fisioterapiaenplaya.com\/servicios-old\/reumatologia\/"]}]},{"@type":"ImageObject","inLanguage":"it-IT","@id":"https:\/\/fisioterapiaenplaya.com\/servicios-old\/reumatologia\/#primaryimage","url":"https:\/\/staging.fisioterapiaenplaya.com\/wp-content\/uploads\/2021\/06\/wrist-pain-is-no-fun2-e1498870466342-768x1375-2-720x1024.jpg","contentUrl":"https:\/\/staging.fisioterapiaenplaya.com\/wp-content\/uploads\/2021\/06\/wrist-pain-is-no-fun2-e1498870466342-768x1375-2-720x1024.jpg"},{"@type":"BreadcrumbList","@id":"https:\/\/fisioterapiaenplaya.com\/servicios-old\/reumatologia\/#breadcrumb","itemListElement":[{"@type":"ListItem","position":1,"name":"Home","item":"https:\/\/fisioterapiaenplaya.com\/"},{"@type":"ListItem","position":2,"name":"Servicios","item":"https:\/\/fisioterapiaenplaya.com\/servicios-old\/"},{"@type":"ListItem","position":3,"name":"Reumatolog\u00eda"}]},{"@type":"WebSite","@id":"https:\/\/fisioterapiaenplaya.com\/#website","url":"https:\/\/fisioterapiaenplaya.com\/","name":"Physio Beach","description":"Lesiones deportivas, fisioterapia, medicina deportiva y terapia regenerativa","potentialAction":[{"@type":"SearchAction","target":{"@type":"EntryPoint","urlTemplate":"https:\/\/fisioterapiaenplaya.com\/?s={search_term_string}"},"query-input":{"@type":"PropertyValueSpecification","valueRequired":true,"valueName":"search_term_string"}}],"inLanguage":"it-IT"}]}},"_links":{"self":[{"href":"https:\/\/fisioterapiaenplaya.com\/it\/wp-json\/wp\/v2\/pages\/2455","targetHints":{"allow":["GET"]}}],"collection":[{"href":"https:\/\/fisioterapiaenplaya.com\/it\/wp-json\/wp\/v2\/pages"}],"about":[{"href":"https:\/\/fisioterapiaenplaya.com\/it\/wp-json\/wp\/v2\/types\/page"}],"author":[{"embeddable":true,"href":"https:\/\/fisioterapiaenplaya.com\/it\/wp-json\/wp\/v2\/users\/7"}],"replies":[{"embeddable":true,"href":"https:\/\/fisioterapiaenplaya.com\/it\/wp-json\/wp\/v2\/comments?post=2455"}],"version-history":[{"count":7,"href":"https:\/\/fisioterapiaenplaya.com\/it\/wp-json\/wp\/v2\/pages\/2455\/revisions"}],"predecessor-version":[{"id":2911,"href":"https:\/\/fisioterapiaenplaya.com\/it\/wp-json\/wp\/v2\/pages\/2455\/revisions\/2911"}],"up":[{"embeddable":true,"href":"https:\/\/fisioterapiaenplaya.com\/it\/wp-json\/wp\/v2\/pages\/2660"}],"wp:attachment":[{"href":"https:\/\/fisioterapiaenplaya.com\/it\/wp-json\/wp\/v2\/media?parent=2455"}],"curies":[{"name":"wp","href":"https:\/\/api.w.org\/{rel}","templated":true}]}}