{"id":2650,"date":"2021-06-24T13:49:02","date_gmt":"2021-06-24T18:49:02","guid":{"rendered":"https:\/\/staging.fisioterapiaenplaya.com\/?page_id=2650"},"modified":"2025-11-11T12:40:03","modified_gmt":"2025-11-11T17:40:03","slug":"blog","status":"publish","type":"page","link":"https:\/\/fisioterapiaenplaya.com\/it\/blog\/","title":{"rendered":"Blog"},"content":{"rendered":"<div data-elementor-type=\"wp-page\" data-elementor-id=\"2650\" class=\"elementor elementor-2650\" data-elementor-post-type=\"page\">\n\t\t\t\t\t\t<section class=\"elementor-section elementor-top-section elementor-element elementor-element-866d4ab elementor-section-height-min-height elementor-section-boxed elementor-section-height-default elementor-section-items-middle\" data-id=\"866d4ab\" data-element_type=\"section\" data-e-type=\"section\" data-settings=\"{&quot;background_background&quot;:&quot;classic&quot;}\">\n\t\t\t\t\t\t\t<div class=\"elementor-background-overlay\"><\/div>\n\t\t\t\t\t\t\t<div class=\"elementor-container elementor-column-gap-default\">\n\t\t\t\t\t<div class=\"elementor-column elementor-col-100 elementor-top-column elementor-element elementor-element-50df86a\" data-id=\"50df86a\" data-element_type=\"column\" data-e-type=\"column\">\n\t\t\t<div class=\"elementor-widget-wrap elementor-element-populated\">\n\t\t\t\t\t\t<div class=\"elementor-element elementor-element-f0b2735 elementor-widget elementor-widget-heading\" data-id=\"f0b2735\" data-element_type=\"widget\" data-e-type=\"widget\" data-widget_type=\"heading.default\">\n\t\t\t\t<div class=\"elementor-widget-container\">\n\t\t\t\t\t<h1 class=\"elementor-heading-title elementor-size-default\">blog\n\n\n<\/h1>\t\t\t\t<\/div>\n\t\t\t\t<\/div>\n\t\t\t\t<div class=\"elementor-element elementor-element-7005fa8 elementor-widget-divider--view-line elementor-widget elementor-widget-divider\" data-id=\"7005fa8\" data-element_type=\"widget\" data-e-type=\"widget\" data-widget_type=\"divider.default\">\n\t\t\t\t<div class=\"elementor-widget-container\">\n\t\t\t\t\t\t\t<div class=\"elementor-divider\">\n\t\t\t<span class=\"elementor-divider-separator\">\n\t\t\t\t\t\t<\/span>\n\t\t<\/div>\n\t\t\t\t\t\t<\/div>\n\t\t\t\t<\/div>\n\t\t\t\t\t<\/div>\n\t\t<\/div>\n\t\t\t\t\t<\/div>\n\t\t<\/section>\n\t\t\t\t<section class=\"elementor-section elementor-top-section elementor-element elementor-element-e79628e elementor-section-boxed elementor-section-height-default elementor-section-height-default\" data-id=\"e79628e\" data-element_type=\"section\" data-e-type=\"section\">\n\t\t\t\t\t\t<div class=\"elementor-container elementor-column-gap-default\">\n\t\t\t\t\t<div class=\"elementor-column elementor-col-100 elementor-top-column elementor-element elementor-element-49adce6\" data-id=\"49adce6\" data-element_type=\"column\" data-e-type=\"column\">\n\t\t\t<div class=\"elementor-widget-wrap elementor-element-populated\">\n\t\t\t\t\t\t<div class=\"elementor-element elementor-element-70cbb62 elementor-grid-2 elementor-grid-tablet-2 elementor-grid-mobile-1 elementor-posts--thumbnail-top elementor-card-shadow-yes elementor-posts__hover-gradient elementor-widget elementor-widget-posts\" data-id=\"70cbb62\" data-element_type=\"widget\" data-e-type=\"widget\" data-settings=\"{&quot;cards_columns&quot;:&quot;2&quot;,&quot;pagination_type&quot;:&quot;numbers_and_prev_next&quot;,&quot;cards_columns_tablet&quot;:&quot;2&quot;,&quot;cards_columns_mobile&quot;:&quot;1&quot;,&quot;cards_row_gap&quot;:{&quot;unit&quot;:&quot;px&quot;,&quot;size&quot;:35,&quot;sizes&quot;:[]},&quot;cards_row_gap_tablet&quot;:{&quot;unit&quot;:&quot;px&quot;,&quot;size&quot;:&quot;&quot;,&quot;sizes&quot;:[]},&quot;cards_row_gap_mobile&quot;:{&quot;unit&quot;:&quot;px&quot;,&quot;size&quot;:&quot;&quot;,&quot;sizes&quot;:[]}}\" data-widget_type=\"posts.cards\">\n\t\t\t\t<div class=\"elementor-widget-container\">\n\t\t\t\t\t\t\t<div class=\"elementor-posts-container elementor-posts elementor-posts--skin-cards elementor-grid\" role=\"list\">\n\t\t\t\t<article class=\"elementor-post elementor-grid-item post-3829 post type-post status-publish format-standard has-post-thumbnail hentry category-uncategorized\" role=\"listitem\">\n\t\t\t<div class=\"elementor-post__card\">\n\t\t\t\t<a class=\"elementor-post__thumbnail__link\" href=\"https:\/\/fisioterapiaenplaya.com\/it\/fisioterapia-playa-del-carmen\/\" tabindex=\"-1\" ><div class=\"elementor-post__thumbnail\"><img fetchpriority=\"high\" decoding=\"async\" width=\"768\" height=\"576\" src=\"https:\/\/fisioterapiaenplaya.com\/wp-content\/uploads\/2025\/11\/PHOTO-2024-12-14-11-15-26-768x576.jpg\" class=\"attachment-medium_large size-medium_large wp-image-3819\" alt=\"\" srcset=\"https:\/\/fisioterapiaenplaya.com\/wp-content\/uploads\/2025\/11\/PHOTO-2024-12-14-11-15-26-768x576.jpg 768w, https:\/\/fisioterapiaenplaya.com\/wp-content\/uploads\/2025\/11\/PHOTO-2024-12-14-11-15-26-300x225.jpg 300w, https:\/\/fisioterapiaenplaya.com\/wp-content\/uploads\/2025\/11\/PHOTO-2024-12-14-11-15-26-1024x768.jpg 1024w, https:\/\/fisioterapiaenplaya.com\/wp-content\/uploads\/2025\/11\/PHOTO-2024-12-14-11-15-26-1536x1152.jpg 1536w, https:\/\/fisioterapiaenplaya.com\/wp-content\/uploads\/2025\/11\/PHOTO-2024-12-14-11-15-26-650x488.jpg 650w, https:\/\/fisioterapiaenplaya.com\/wp-content\/uploads\/2025\/11\/PHOTO-2024-12-14-11-15-26.jpg 1600w\" sizes=\"(max-width: 768px) 100vw, 768px\" \/><\/div><\/a>\n\t\t\t\t<div class=\"elementor-post__text\">\n\t\t\t\t<h3 class=\"elementor-post__title\">\n\t\t\t<a href=\"https:\/\/fisioterapiaenplaya.com\/it\/fisioterapia-playa-del-carmen\/\" >\n\t\t\t\tFisioterapia a Playa del Carmen: valutazione e riabilitazione personalizzata\t\t\t<\/a>\n\t\t<\/h3>\n\t\t\t\t<div class=\"elementor-post__excerpt\">\n\t\t\t<p>Fisioterapia a Playa del Carmen: valutazione e riabilitazione personalizzate A Fisio Playa combiniamo valutazione professionale, terapia manuale ed esercizio terapeutico per progettare<\/p>\n\t\t<\/div>\n\t\t\n\t\t<a class=\"elementor-post__read-more\" href=\"https:\/\/fisioterapiaenplaya.com\/it\/fisioterapia-playa-del-carmen\/\" aria-label=\"Read more about Fisioterapia en Playa del Carmen: valoraci\u00f3n y rehabilitaci\u00f3n personalizada\" tabindex=\"-1\" >\n\t\t\tPer saperne di pi\u00f9\t\t<\/a>\n\n\t\t\t\t<\/div>\n\t\t\t\t<div class=\"elementor-post__meta-data\">\n\t\t\t\t\t<span class=\"elementor-post-date\">\n\t\t\t19 novembre 2025\t\t<\/span>\n\t\t\t\t<\/div>\n\t\t\t\t\t<\/div>\n\t\t<\/article>\n\t\t\t\t<article class=\"elementor-post elementor-grid-item post-3715 post type-post status-publish format-standard has-post-thumbnail hentry category-consejos tag-aliviar-el-dolor-de-ciatica tag-ciatica tag-ciatica-consejos tag-consejos-fisioterapia tag-dolor tag-informativo\" role=\"listitem\">\n\t\t\t<div class=\"elementor-post__card\">\n\t\t\t\t<a class=\"elementor-post__thumbnail__link\" href=\"https:\/\/fisioterapiaenplaya.com\/it\/consejos-para-aliviar-el-dolor-de-ciatica\/\" tabindex=\"-1\" ><div class=\"elementor-post__thumbnail\"><img decoding=\"async\" width=\"768\" height=\"546\" src=\"https:\/\/fisioterapiaenplaya.com\/wp-content\/uploads\/2023\/02\/Captura-de-pantalla-2023-02-01-a-las-11.06.08-768x546.png\" class=\"attachment-medium_large size-medium_large wp-image-3719\" alt=\"\" srcset=\"https:\/\/fisioterapiaenplaya.com\/wp-content\/uploads\/2023\/02\/Captura-de-pantalla-2023-02-01-a-las-11.06.08-768x546.png 768w, https:\/\/fisioterapiaenplaya.com\/wp-content\/uploads\/2023\/02\/Captura-de-pantalla-2023-02-01-a-las-11.06.08-300x213.png 300w, https:\/\/fisioterapiaenplaya.com\/wp-content\/uploads\/2023\/02\/Captura-de-pantalla-2023-02-01-a-las-11.06.08-650x462.png 650w, https:\/\/fisioterapiaenplaya.com\/wp-content\/uploads\/2023\/02\/Captura-de-pantalla-2023-02-01-a-las-11.06.08.png 784w\" sizes=\"(max-width: 768px) 100vw, 768px\" \/><\/div><\/a>\n\t\t\t\t<div class=\"elementor-post__text\">\n\t\t\t\t<h3 class=\"elementor-post__title\">\n\t\t\t<a href=\"https:\/\/fisioterapiaenplaya.com\/it\/consejos-para-aliviar-el-dolor-de-ciatica\/\" >\n\t\t\t\tConsigli per alleviare il dolore da sciatica\t\t\t<\/a>\n\t\t<\/h3>\n\t\t\t\t<div class=\"elementor-post__excerpt\">\n\t\t\t<p>La sciatica \u00e8 un tipo di mal di schiena che pu\u00f2 causare intorpidimento e formicolio alle gambe. \u00c8 causata da<\/p>\n\t\t<\/div>\n\t\t\n\t\t<a class=\"elementor-post__read-more\" href=\"https:\/\/fisioterapiaenplaya.com\/it\/consejos-para-aliviar-el-dolor-de-ciatica\/\" aria-label=\"Read more about Consejos para aliviar el dolor de ci\u00e1tica\" tabindex=\"-1\" >\n\t\t\tPer saperne di pi\u00f9\t\t<\/a>\n\n\t\t\t\t<\/div>\n\t\t\t\t<div class=\"elementor-post__meta-data\">\n\t\t\t\t\t<span class=\"elementor-post-date\">\n\t\t\t1 febbraio 2023\t\t<\/span>\n\t\t\t\t<\/div>\n\t\t\t\t\t<\/div>\n\t\t<\/article>\n\t\t\t\t<article class=\"elementor-post elementor-grid-item post-3698 post type-post status-publish format-standard has-post-thumbnail hentry category-que-es\" role=\"listitem\">\n\t\t\t<div class=\"elementor-post__card\">\n\t\t\t\t<a class=\"elementor-post__thumbnail__link\" href=\"https:\/\/fisioterapiaenplaya.com\/it\/que-es-el-neruofeedback\/\" tabindex=\"-1\" ><div class=\"elementor-post__thumbnail\"><img decoding=\"async\" width=\"768\" height=\"512\" src=\"https:\/\/fisioterapiaenplaya.com\/wp-content\/uploads\/2023\/01\/neuroscience-doctor-holding-clipboard-showing-treatment-against-brain-disease-patient-with-eeg-headset-woman-sitting-neurological-scientific-laboratory-treating-nervous-system-dysfunctions-768x512.jpg\" class=\"attachment-medium_large size-medium_large wp-image-3671\" alt=\"\" srcset=\"https:\/\/fisioterapiaenplaya.com\/wp-content\/uploads\/2023\/01\/neuroscience-doctor-holding-clipboard-showing-treatment-against-brain-disease-patient-with-eeg-headset-woman-sitting-neurological-scientific-laboratory-treating-nervous-system-dysfunctions-768x512.jpg 768w, https:\/\/fisioterapiaenplaya.com\/wp-content\/uploads\/2023\/01\/neuroscience-doctor-holding-clipboard-showing-treatment-against-brain-disease-patient-with-eeg-headset-woman-sitting-neurological-scientific-laboratory-treating-nervous-system-dysfunctions-300x200.jpg 300w, https:\/\/fisioterapiaenplaya.com\/wp-content\/uploads\/2023\/01\/neuroscience-doctor-holding-clipboard-showing-treatment-against-brain-disease-patient-with-eeg-headset-woman-sitting-neurological-scientific-laboratory-treating-nervous-system-dysfunctions-1024x683.jpg 1024w, https:\/\/fisioterapiaenplaya.com\/wp-content\/uploads\/2023\/01\/neuroscience-doctor-holding-clipboard-showing-treatment-against-brain-disease-patient-with-eeg-headset-woman-sitting-neurological-scientific-laboratory-treating-nervous-system-dysfunctions-1536x1024.jpg 1536w, https:\/\/fisioterapiaenplaya.com\/wp-content\/uploads\/2023\/01\/neuroscience-doctor-holding-clipboard-showing-treatment-against-brain-disease-patient-with-eeg-headset-woman-sitting-neurological-scientific-laboratory-treating-nervous-system-dysfunctions-650x433.jpg 650w, https:\/\/fisioterapiaenplaya.com\/wp-content\/uploads\/2023\/01\/neuroscience-doctor-holding-clipboard-showing-treatment-against-brain-disease-patient-with-eeg-headset-woman-sitting-neurological-scientific-laboratory-treating-nervous-system-dysfunctions.jpg 1920w\" sizes=\"(max-width: 768px) 100vw, 768px\" \/><\/div><\/a>\n\t\t\t\t<div class=\"elementor-post__text\">\n\t\t\t\t<h3 class=\"elementor-post__title\">\n\t\t\t<a href=\"https:\/\/fisioterapiaenplaya.com\/it\/que-es-el-neruofeedback\/\" >\n\t\t\t\tChe cos'\u00e8 il neruofeedback?\t\t\t<\/a>\n\t\t<\/h3>\n\t\t\t\t<div class=\"elementor-post__excerpt\">\n\t\t\t<p>Il neurofeedback \u00e8 una tecnica di allenamento cerebrale che aiuta a regolare in modo naturale il funzionamento del cervello, consentendo a quest'ultimo di<\/p>\n\t\t<\/div>\n\t\t\n\t\t<a class=\"elementor-post__read-more\" href=\"https:\/\/fisioterapiaenplaya.com\/it\/que-es-el-neruofeedback\/\" aria-label=\"Read more about \u00bfQu\u00e9 es el neruofeedback?\" tabindex=\"-1\" >\n\t\t\tPer saperne di pi\u00f9\t\t<\/a>\n\n\t\t\t\t<\/div>\n\t\t\t\t<div class=\"elementor-post__meta-data\">\n\t\t\t\t\t<span class=\"elementor-post-date\">\n\t\t\t16 gennaio 2023\t\t<\/span>\n\t\t\t\t<\/div>\n\t\t\t\t\t<\/div>\n\t\t<\/article>\n\t\t\t\t<article class=\"elementor-post elementor-grid-item post-3687 post type-post status-publish format-standard has-post-thumbnail hentry category-fisioterapia\" role=\"listitem\">\n\t\t\t<div class=\"elementor-post__card\">\n\t\t\t\t<a class=\"elementor-post__thumbnail__link\" href=\"https:\/\/fisioterapiaenplaya.com\/it\/5-ejercicios-para-mejorar-tu-postura\/\" tabindex=\"-1\" ><div class=\"elementor-post__thumbnail\"><img loading=\"lazy\" decoding=\"async\" width=\"768\" height=\"432\" src=\"https:\/\/fisioterapiaenplaya.com\/wp-content\/uploads\/2023\/01\/yoga-gesundheit-fitness-anfaenger-einsteiger-begin-768x432.jpg\" class=\"attachment-medium_large size-medium_large wp-image-3696\" alt=\"\" srcset=\"https:\/\/fisioterapiaenplaya.com\/wp-content\/uploads\/2023\/01\/yoga-gesundheit-fitness-anfaenger-einsteiger-begin-768x432.jpg 768w, https:\/\/fisioterapiaenplaya.com\/wp-content\/uploads\/2023\/01\/yoga-gesundheit-fitness-anfaenger-einsteiger-begin-300x169.jpg 300w, https:\/\/fisioterapiaenplaya.com\/wp-content\/uploads\/2023\/01\/yoga-gesundheit-fitness-anfaenger-einsteiger-begin-1024x576.jpg 1024w, https:\/\/fisioterapiaenplaya.com\/wp-content\/uploads\/2023\/01\/yoga-gesundheit-fitness-anfaenger-einsteiger-begin-1536x864.jpg 1536w, https:\/\/fisioterapiaenplaya.com\/wp-content\/uploads\/2023\/01\/yoga-gesundheit-fitness-anfaenger-einsteiger-begin-650x366.jpg 650w, https:\/\/fisioterapiaenplaya.com\/wp-content\/uploads\/2023\/01\/yoga-gesundheit-fitness-anfaenger-einsteiger-begin.jpg 1920w\" sizes=\"(max-width: 768px) 100vw, 768px\" \/><\/div><\/a>\n\t\t\t\t<div class=\"elementor-post__text\">\n\t\t\t\t<h3 class=\"elementor-post__title\">\n\t\t\t<a href=\"https:\/\/fisioterapiaenplaya.com\/it\/5-ejercicios-para-mejorar-tu-postura\/\" >\n\t\t\t\t5 esercizi per migliorare la postura\t\t\t<\/a>\n\t\t<\/h3>\n\t\t\t\t<div class=\"elementor-post__excerpt\">\n\t\t\t<p>Una buona postura non solo aiuta a prevenire infortuni e disturbi frequenti, ma aumenta anche la fiducia in se stessi, migliora l'aspetto del corpo e aiuta a sentirsi meglio.<\/p>\n\t\t<\/div>\n\t\t\n\t\t<a class=\"elementor-post__read-more\" href=\"https:\/\/fisioterapiaenplaya.com\/it\/5-ejercicios-para-mejorar-tu-postura\/\" aria-label=\"Read more about 5 Ejercicios para mejorar tu postura\" tabindex=\"-1\" >\n\t\t\tPer saperne di pi\u00f9\t\t<\/a>\n\n\t\t\t\t<\/div>\n\t\t\t\t<div class=\"elementor-post__meta-data\">\n\t\t\t\t\t<span class=\"elementor-post-date\">\n\t\t\t16 gennaio 2023\t\t<\/span>\n\t\t\t\t<\/div>\n\t\t\t\t\t<\/div>\n\t\t<\/article>\n\t\t\t\t<article class=\"elementor-post elementor-grid-item post-3680 post type-post status-publish format-standard has-post-thumbnail hentry category-estres\" role=\"listitem\">\n\t\t\t<div class=\"elementor-post__card\">\n\t\t\t\t<a class=\"elementor-post__thumbnail__link\" href=\"https:\/\/fisioterapiaenplaya.com\/it\/como-afecta-el-estres-en-tu-vida-cotidiana\/\" tabindex=\"-1\" ><div class=\"elementor-post__thumbnail\"><img loading=\"lazy\" decoding=\"async\" width=\"768\" height=\"512\" src=\"https:\/\/fisioterapiaenplaya.com\/wp-content\/uploads\/2023\/01\/4T7A0171-768x512.jpg\" class=\"attachment-medium_large size-medium_large wp-image-3684\" alt=\"\" srcset=\"https:\/\/fisioterapiaenplaya.com\/wp-content\/uploads\/2023\/01\/4T7A0171-768x512.jpg 768w, https:\/\/fisioterapiaenplaya.com\/wp-content\/uploads\/2023\/01\/4T7A0171-300x200.jpg 300w, https:\/\/fisioterapiaenplaya.com\/wp-content\/uploads\/2023\/01\/4T7A0171-1024x683.jpg 1024w, https:\/\/fisioterapiaenplaya.com\/wp-content\/uploads\/2023\/01\/4T7A0171-1536x1024.jpg 1536w, https:\/\/fisioterapiaenplaya.com\/wp-content\/uploads\/2023\/01\/4T7A0171-650x433.jpg 650w, https:\/\/fisioterapiaenplaya.com\/wp-content\/uploads\/2023\/01\/4T7A0171.jpg 1920w\" sizes=\"(max-width: 768px) 100vw, 768px\" \/><\/div><\/a>\n\t\t\t\t<div class=\"elementor-post__text\">\n\t\t\t\t<h3 class=\"elementor-post__title\">\n\t\t\t<a href=\"https:\/\/fisioterapiaenplaya.com\/it\/como-afecta-el-estres-en-tu-vida-cotidiana\/\" >\n\t\t\t\tCome lo stress influisce sulla vita quotidiana\t\t\t<\/a>\n\t\t<\/h3>\n\t\t\t\t<div class=\"elementor-post__excerpt\">\n\t\t\t<p>\u00c8 STRESS? Lo stress \u00e8 essenziale per la vita. Aveva perfettamente senso migliaia di anni fa, quando gli esseri umani erano<\/p>\n\t\t<\/div>\n\t\t\n\t\t<a class=\"elementor-post__read-more\" href=\"https:\/\/fisioterapiaenplaya.com\/it\/como-afecta-el-estres-en-tu-vida-cotidiana\/\" aria-label=\"Read more about Como afecta el estr\u00e9s en tu vida cotidiana\" tabindex=\"-1\" >\n\t\t\tPer saperne di pi\u00f9\t\t<\/a>\n\n\t\t\t\t<\/div>\n\t\t\t\t<div class=\"elementor-post__meta-data\">\n\t\t\t\t\t<span class=\"elementor-post-date\">\n\t\t\t16 gennaio 2023\t\t<\/span>\n\t\t\t\t<\/div>\n\t\t\t\t\t<\/div>\n\t\t<\/article>\n\t\t\t\t<article class=\"elementor-post elementor-grid-item post-3038 post type-post status-publish format-standard has-post-thumbnail hentry category-sabias-que tag-beneficios-del-ejercicio tag-dolor tag-el-ejercicio-reduce-el-estres tag-el-ejercicio-te-hace-mas-feliz tag-espalda tag-hacer-ejercicio-reduce-el-estres tag-informativo tag-por-que-es-importante-hacer-ejercicio tag-ventajas-del-ejercicio tag-ventajas-del-ejercicio-en-adultos\" role=\"listitem\">\n\t\t\t<div class=\"elementor-post__card\">\n\t\t\t\t<a class=\"elementor-post__thumbnail__link\" href=\"https:\/\/fisioterapiaenplaya.com\/it\/ventajas-de-hacer-ejercicio\/\" tabindex=\"-1\" ><div class=\"elementor-post__thumbnail\"><img loading=\"lazy\" decoding=\"async\" width=\"768\" height=\"435\" src=\"https:\/\/fisioterapiaenplaya.com\/wp-content\/uploads\/2022\/02\/woman-gf827c42b9_1920-768x435.jpg\" class=\"attachment-medium_large size-medium_large wp-image-3039\" alt=\"\" srcset=\"https:\/\/fisioterapiaenplaya.com\/wp-content\/uploads\/2022\/02\/woman-gf827c42b9_1920-768x435.jpg 768w, https:\/\/fisioterapiaenplaya.com\/wp-content\/uploads\/2022\/02\/woman-gf827c42b9_1920-300x170.jpg 300w, https:\/\/fisioterapiaenplaya.com\/wp-content\/uploads\/2022\/02\/woman-gf827c42b9_1920-1024x580.jpg 1024w, https:\/\/fisioterapiaenplaya.com\/wp-content\/uploads\/2022\/02\/woman-gf827c42b9_1920-1536x870.jpg 1536w, https:\/\/fisioterapiaenplaya.com\/wp-content\/uploads\/2022\/02\/woman-gf827c42b9_1920.jpg 1920w\" sizes=\"(max-width: 768px) 100vw, 768px\" \/><\/div><\/a>\n\t\t\t\t<div class=\"elementor-post__text\">\n\t\t\t\t<h3 class=\"elementor-post__title\">\n\t\t\t<a href=\"https:\/\/fisioterapiaenplaya.com\/it\/ventajas-de-hacer-ejercicio\/\" >\n\t\t\t\tI benefici dell'esercizio fisico e i motivi per cui fa bene\t\t\t<\/a>\n\t\t<\/h3>\n\t\t\t\t<div class=\"elementor-post__excerpt\">\n\t\t\t<p>Qui vi illustreremo i vantaggi dell'esercizio fisico regolare e come migliorer\u00e0 la vostra qualit\u00e0 di vita. L'esercizio fisico, come sappiamo, \u00e8 molto utile per<\/p>\n\t\t<\/div>\n\t\t\n\t\t<a class=\"elementor-post__read-more\" href=\"https:\/\/fisioterapiaenplaya.com\/it\/ventajas-de-hacer-ejercicio\/\" aria-label=\"Read more about Ventajas de hacer ejercicio y por qu\u00e9 te conviene\" tabindex=\"-1\" >\n\t\t\tPer saperne di pi\u00f9\t\t<\/a>\n\n\t\t\t\t<\/div>\n\t\t\t\t<div class=\"elementor-post__meta-data\">\n\t\t\t\t\t<span class=\"elementor-post-date\">\n\t\t\t21 febbraio 2022\t\t<\/span>\n\t\t\t\t<\/div>\n\t\t\t\t\t<\/div>\n\t\t<\/article>\n\t\t\t\t<\/div>\n\t\t\n\t\t\t\t<div class=\"e-load-more-anchor\" data-page=\"1\" data-max-page=\"3\" data-next-page=\"https:\/\/fisioterapiaenplaya.com\/it\/wp-json\/wp\/v2\/pages\/2650\/page\/2\/\"><\/div>\n\t\t\t\t<nav class=\"elementor-pagination\" aria-label=\"Pagination\">\n\t\t\t<span class=\"page-numbers prev\">\u00abPrecedente<\/span>\n<span aria-current=\"page\" class=\"page-numbers current\"><span class=\"elementor-screen-only\">Page<\/span>1<\/span>\n<a class=\"page-numbers\" href=\"https:\/\/fisioterapiaenplaya.com\/it\/wp-json\/wp\/v2\/pages\/2650\/page\/2\/\"><span class=\"elementor-screen-only\">Page<\/span>2<\/a>\n<a class=\"page-numbers\" href=\"https:\/\/fisioterapiaenplaya.com\/it\/wp-json\/wp\/v2\/pages\/2650\/page\/3\/\"><span class=\"elementor-screen-only\">Page<\/span>3<\/a>\n<a class=\"page-numbers next\" href=\"https:\/\/fisioterapiaenplaya.com\/it\/wp-json\/wp\/v2\/pages\/2650\/page\/2\/\">Successivo \u00bb<\/a>\t\t<\/nav>\n\t\t\t\t\t\t<\/div>\n\t\t\t\t<\/div>\n\t\t\t\t\t<\/div>\n\t\t<\/div>\n\t\t\t\t\t<\/div>\n\t\t<\/section>\n\t\t\t\t<\/div>","protected":false},"excerpt":{"rendered":"<p>blog<\/p>","protected":false},"author":7,"featured_media":0,"parent":0,"menu_order":0,"comment_status":"closed","ping_status":"closed","template":"","meta":{"footnotes":""},"class_list":["post-2650","page","type-page","status-publish","hentry"],"acf":[],"yoast_head":"<!-- This site is optimized with the Yoast SEO plugin v27.1.1 - https:\/\/yoast.com\/product\/yoast-seo-wordpress\/ -->\n<title>Blog - Fisio Playa<\/title>\n<meta name=\"robots\" content=\"index, follow, max-snippet:-1, max-image-preview:large, max-video-preview:-1\" \/>\n<link rel=\"canonical\" href=\"https:\/\/fisioterapiaenplaya.com\/it\/blog\/\" \/>\n<meta property=\"og:locale\" content=\"it_IT\" \/>\n<meta property=\"og:type\" content=\"article\" \/>\n<meta property=\"og:title\" content=\"Blog - Fisio Playa\" \/>\n<meta property=\"og:description\" content=\"blog\" \/>\n<meta property=\"og:url\" content=\"https:\/\/fisioterapiaenplaya.com\/it\/blog\/\" \/>\n<meta property=\"og:site_name\" content=\"Fisio Playa\" \/>\n<meta property=\"article:modified_time\" content=\"2025-11-11T17:40:03+00:00\" \/>\n<meta name=\"twitter:card\" content=\"summary_large_image\" \/>\n<meta name=\"twitter:label1\" content=\"Tempo di lettura stimato\" \/>\n\t<meta name=\"twitter:data1\" content=\"3 minuti\" \/>\n<script type=\"application\/ld+json\" class=\"yoast-schema-graph\">{\"@context\":\"https:\/\/schema.org\",\"@graph\":[{\"@type\":\"WebPage\",\"@id\":\"https:\/\/fisioterapiaenplaya.com\/blog\/\",\"url\":\"https:\/\/fisioterapiaenplaya.com\/blog\/\",\"name\":\"Blog - Fisio Playa\",\"isPartOf\":{\"@id\":\"https:\/\/fisioterapiaenplaya.com\/#website\"},\"datePublished\":\"2021-06-24T18:49:02+00:00\",\"dateModified\":\"2025-11-11T17:40:03+00:00\",\"breadcrumb\":{\"@id\":\"https:\/\/fisioterapiaenplaya.com\/blog\/#breadcrumb\"},\"inLanguage\":\"it-IT\",\"potentialAction\":[{\"@type\":\"ReadAction\",\"target\":[\"https:\/\/fisioterapiaenplaya.com\/blog\/\"]}]},{\"@type\":\"BreadcrumbList\",\"@id\":\"https:\/\/fisioterapiaenplaya.com\/blog\/#breadcrumb\",\"itemListElement\":[{\"@type\":\"ListItem\",\"position\":1,\"name\":\"Home\",\"item\":\"https:\/\/fisioterapiaenplaya.com\/\"},{\"@type\":\"ListItem\",\"position\":2,\"name\":\"Blog\"}]},{\"@type\":\"WebSite\",\"@id\":\"https:\/\/fisioterapiaenplaya.com\/#website\",\"url\":\"https:\/\/fisioterapiaenplaya.com\/\",\"name\":\"Fisio Playa\",\"description\":\"Lesiones deportivas, fisioterapia, medicina deportiva y terapia regenerativa\",\"potentialAction\":[{\"@type\":\"SearchAction\",\"target\":{\"@type\":\"EntryPoint\",\"urlTemplate\":\"https:\/\/fisioterapiaenplaya.com\/?s={search_term_string}\"},\"query-input\":{\"@type\":\"PropertyValueSpecification\",\"valueRequired\":true,\"valueName\":\"search_term_string\"}}],\"inLanguage\":\"it-IT\"}]}<\/script>\n<!-- \/ Yoast SEO plugin. -->","yoast_head_json":{"title":"Blog - Fisio Playa","robots":{"index":"index","follow":"follow","max-snippet":"max-snippet:-1","max-image-preview":"max-image-preview:large","max-video-preview":"max-video-preview:-1"},"canonical":"https:\/\/fisioterapiaenplaya.com\/it\/blog\/","og_locale":"it_IT","og_type":"article","og_title":"Blog - Fisio Playa","og_description":"blog","og_url":"https:\/\/fisioterapiaenplaya.com\/it\/blog\/","og_site_name":"Fisio Playa","article_modified_time":"2025-11-11T17:40:03+00:00","twitter_card":"summary_large_image","twitter_misc":{"Tempo di lettura stimato":"3 minuti"},"schema":{"@context":"https:\/\/schema.org","@graph":[{"@type":"WebPage","@id":"https:\/\/fisioterapiaenplaya.com\/blog\/","url":"https:\/\/fisioterapiaenplaya.com\/blog\/","name":"Blog - Fisio Playa","isPartOf":{"@id":"https:\/\/fisioterapiaenplaya.com\/#website"},"datePublished":"2021-06-24T18:49:02+00:00","dateModified":"2025-11-11T17:40:03+00:00","breadcrumb":{"@id":"https:\/\/fisioterapiaenplaya.com\/blog\/#breadcrumb"},"inLanguage":"it-IT","potentialAction":[{"@type":"ReadAction","target":["https:\/\/fisioterapiaenplaya.com\/blog\/"]}]},{"@type":"BreadcrumbList","@id":"https:\/\/fisioterapiaenplaya.com\/blog\/#breadcrumb","itemListElement":[{"@type":"ListItem","position":1,"name":"Home","item":"https:\/\/fisioterapiaenplaya.com\/"},{"@type":"ListItem","position":2,"name":"Blog"}]},{"@type":"WebSite","@id":"https:\/\/fisioterapiaenplaya.com\/#website","url":"https:\/\/fisioterapiaenplaya.com\/","name":"Physio Beach","description":"Lesiones deportivas, fisioterapia, medicina deportiva y terapia regenerativa","potentialAction":[{"@type":"SearchAction","target":{"@type":"EntryPoint","urlTemplate":"https:\/\/fisioterapiaenplaya.com\/?s={search_term_string}"},"query-input":{"@type":"PropertyValueSpecification","valueRequired":true,"valueName":"search_term_string"}}],"inLanguage":"it-IT"}]}},"_links":{"self":[{"href":"https:\/\/fisioterapiaenplaya.com\/it\/wp-json\/wp\/v2\/pages\/2650","targetHints":{"allow":["GET"]}}],"collection":[{"href":"https:\/\/fisioterapiaenplaya.com\/it\/wp-json\/wp\/v2\/pages"}],"about":[{"href":"https:\/\/fisioterapiaenplaya.com\/it\/wp-json\/wp\/v2\/types\/page"}],"author":[{"embeddable":true,"href":"https:\/\/fisioterapiaenplaya.com\/it\/wp-json\/wp\/v2\/users\/7"}],"replies":[{"embeddable":true,"href":"https:\/\/fisioterapiaenplaya.com\/it\/wp-json\/wp\/v2\/comments?post=2650"}],"version-history":[{"count":19,"href":"https:\/\/fisioterapiaenplaya.com\/it\/wp-json\/wp\/v2\/pages\/2650\/revisions"}],"predecessor-version":[{"id":3825,"href":"https:\/\/fisioterapiaenplaya.com\/it\/wp-json\/wp\/v2\/pages\/2650\/revisions\/3825"}],"wp:attachment":[{"href":"https:\/\/fisioterapiaenplaya.com\/it\/wp-json\/wp\/v2\/media?parent=2650"}],"curies":[{"name":"wp","href":"https:\/\/api.w.org\/{rel}","templated":true}]}}